{"id":3672,"date":"2021-10-25T18:18:03","date_gmt":"2021-10-25T18:18:03","guid":{"rendered":"https:\/\/select-benefits-integration.com\/liens-rapides\/soins-virtuels-de-telus-sante\/"},"modified":"2026-02-05T19:11:55","modified_gmt":"2026-02-05T19:11:55","slug":"services-de-telemedecine","status":"publish","type":"page","link":"https:\/\/select-benefits-integration.com\/fr\/services-de-telemedecine\/","title":{"rendered":"Services de t\u00e9l\u00e9m\u00e9decine"},"content":{"rendered":"<p>[vc_row][vc_column][vc_row_inner el_id=\u00a0\u00bbCAE-TELUS-VHC-row2&Prime; el_class=\u00a0\u00bbtelus-video-column CAE-virtual-care-sec2&Prime;][vc_column_inner width=\u00a0\u00bb1\/2&Prime;][vc_column_text]<\/p>\n<div class=\"CAE-virtual-care\">\n<h2>Soins virtuels pour vous et votre famille<\/h2>\n<p>Les soins virtuels TELUS Sant\u00e9 vous mettent en contact avec une \u00e9quipe de professionnels de la sant\u00e9 compatissants, jour et nuit, partout au Canada, par messagerie texte ou appel vid\u00e9o crypt\u00e9.<\/p>\n<p>Il est plus facile que jamais d\u2019obtenir des conseils et des soins m\u00e9dicaux gr\u00e2ce aux soins virtuels TELUS Sant\u00e9. D\u00e8s que vous-m\u00eame ou un membre de votre famille imm\u00e9diate<sup>1<\/sup> ressentez un malaise, connectez-vous avec un clinicien compatissant, 24\u00a0h\/7\u00a0j\u2026 sans rendez-vous! <strong><a style=\"text-decoration: underline;\" href=\"https:\/\/www.telus.com\/fr\/health\/organizations\/group-health-benefits\/employers\/virtual-care\/plan-members?_gl=1*1vrgt04*_ga*mzi0mzyxnzyzlje2otcwmjk0njc.*_ga_e6wsnxj3lr*mty5nzu0nju2os42ljaumty5nzu0nju2os42mc4wlja.#faqs\" target=\"_blank\" rel=\"noopener\">Acc\u00e9dez au FAQ<\/a><\/strong>.<\/p>\n<p><strong>Activez votre compte sans tarder pour \u00eatre pr\u00eat \u00e0 utiliser le programme d\u00e8s que vous en aurez besoin<\/strong>. Vous trouverez votre lien d\u2019activation unique dans le courriel d\u2019activation que vous avez re\u00e7u \u00e0 votre courriel CAE; sinon, envoyez un courriel \u00e0 <a href=\"mailto:help@vc.telushealth.com\">help@vc.telushealth.com<\/a> pour demander un nouveau lien.<\/p>\n<\/div>\n<p>[\/vc_column_text][vc_single_image image=\u00a0\u00bb4505&Prime; css=\u00a0\u00bb.vc_custom_1662052529638{padding-top: 60px !important;padding-right: 30px !important;padding-left: 30px !important;}\u00a0\u00bb el_class=\u00a0\u00bbTELUS-health-phone-app-image\u00a0\u00bb][vc_column_text]<\/p>\n<div class=\"points-description\">\n<p><sup>1<\/sup> Conjoint et enfants de moins de 26\u00a0ans dont l\u2019adresse permanente est la m\u00eame que la v\u00f4tre.<br \/>\n*Soutien en sant\u00e9 mentale avec infirmi\u00e8res praticiennes et m\u00e9decins. Des frais suppl\u00e9mentaires peuvent s\u2019appliquer aux rendez-vous avec des sp\u00e9cialistes. Certains services ne pourraient ne pas \u00eatre offerts dans toutes les provinces.<\/p>\n<\/div>\n<p>[\/vc_column_text][\/vc_column_inner][vc_column_inner width=\u00a0\u00bb1\/2&Prime;][vc_video link=\u00a0\u00bbhttps:\/\/youtu.be\/ZIkdLjMMqT4&Prime;][vc_single_image image=\u00a0\u00bb3835&Prime; css=\u00a0\u00bb.vc_custom_1664852478280{padding-right: 30px !important;padding-left: 30px !important;}\u00a0\u00bb el_class=\u00a0\u00bbCAE-hide-image\u00a0\u00bb][vc_column_text css=\u00a0\u00bb.vc_custom_1684249321707{padding-top: 60px !important;}\u00a0\u00bb]<\/p>\n<div class=\"CAE-virtual-care-sec2-text\">\n<h2>Soins virtuels TELUS Sant\u00e9 est un service de sant\u00e9 et de mieux-\u00eatre con\u00e7u pour vous aider, en tout temps et en tout lieu au Canada.<\/h2>\n<p>\u00c9vitez les visites inutiles \u00e0 la clinique ou les d\u00e9lais pour obtenir de l\u2019aide. Vous et les membres de votre famille imm\u00e9diate<sup>1<\/sup> pouvez consulter un professionnel de la sant\u00e9 sur demande, par messagerie texte ou appel vid\u00e9o crypt\u00e9, sur un t\u00e9l\u00e9phone intelligent ou un ordinateur.<\/p>\n<p>TELUS enverra les ordonnances directement \u00e0 la pharmacie de votre choix pour que vous y ayez acc\u00e8s plus vite.<\/p>\n<h3>TELUS peut vous aider \u00e0 obtenir ceci :<\/h3>\n<\/div>\n<p>[\/vc_column_text][vc_single_image image=\u00a0\u00bb4508&Prime; el_class=\u00a0\u00bbTELUs-health-services-icons\u00a0\u00bb][\/vc_column_inner][\/vc_row_inner][\/vc_column][\/vc_row][vc_row][vc_column width=\u00a0\u00bb2\/3&Prime;][\/vc_column][vc_column width=\u00a0\u00bb1\/3&Prime;][\/vc_column][\/vc_row]<\/p>\n","protected":false},"excerpt":{"rendered":"<p>[vc_row][vc_column][vc_row_inner el_id=\u00a0\u00bbCAE-TELUS-VHC-row2&Prime; el_class=\u00a0\u00bbtelus-video-column CAE-virtual-care-sec2&Prime;][vc_column_inner width=\u00a0\u00bb1\/2&Prime;][vc_column_text] Soins virtuels pour vous et votre famille Les soins virtuels TELUS Sant\u00e9 vous mettent en contact avec une \u00e9quipe de professionnels de la sant\u00e9 compatissants, jour et nuit, partout au Canada, par messagerie texte ou appel vid\u00e9o crypt\u00e9. Il est plus facile que jamais d\u2019obtenir [&hellip;]<\/p>\n","protected":false},"author":1,"featured_media":0,"parent":0,"menu_order":0,"comment_status":"closed","ping_status":"closed","template":"","meta":{"om_disable_all_campaigns":false,"footnotes":""},"class_list":["post-3672","page","type-page","status-publish","hentry"],"aioseo_notices":[],"jetpack_sharing_enabled":true,"_links":{"self":[{"href":"https:\/\/select-benefits-integration.com\/fr\/wp-json\/wp\/v2\/pages\/3672","targetHints":{"allow":["GET"]}}],"collection":[{"href":"https:\/\/select-benefits-integration.com\/fr\/wp-json\/wp\/v2\/pages"}],"about":[{"href":"https:\/\/select-benefits-integration.com\/fr\/wp-json\/wp\/v2\/types\/page"}],"author":[{"embeddable":true,"href":"https:\/\/select-benefits-integration.com\/fr\/wp-json\/wp\/v2\/users\/1"}],"replies":[{"embeddable":true,"href":"https:\/\/select-benefits-integration.com\/fr\/wp-json\/wp\/v2\/comments?post=3672"}],"version-history":[{"count":11,"href":"https:\/\/select-benefits-integration.com\/fr\/wp-json\/wp\/v2\/pages\/3672\/revisions"}],"predecessor-version":[{"id":7683,"href":"https:\/\/select-benefits-integration.com\/fr\/wp-json\/wp\/v2\/pages\/3672\/revisions\/7683"}],"wp:attachment":[{"href":"https:\/\/select-benefits-integration.com\/fr\/wp-json\/wp\/v2\/media?parent=3672"}],"curies":[{"name":"wp","href":"https:\/\/api.w.org\/{rel}","templated":true}]}}