{"id":3689,"date":"2021-10-28T19:29:05","date_gmt":"2021-10-28T19:29:05","guid":{"rendered":"https:\/\/select-benefits-integration.com\/quoi-de-neuf\/"},"modified":"2023-05-15T20:14:25","modified_gmt":"2023-05-15T20:14:25","slug":"programme-davantages-sociaux","status":"publish","type":"page","link":"https:\/\/select-benefits-integration.com\/fr\/programme-davantages-sociaux\/","title":{"rendered":"Programme d\u2019avantages sociaux"},"content":{"rendered":"<p>[vc_row css=\u00a0\u00bb.vc_custom_1635351514671{padding-bottom: 20px !important;}\u00a0\u00bb el_class=\u00a0\u00bbwhats-new-section1&Prime;][vc_column width=\u00a0\u00bb1\/2&Prime; el_class=\u00a0\u00bbwhats-new-section1-text\u00a0\u00bb][vc_column_text]<\/p>\n<div class=\"CAE-div\">\n<p>Assurer votre sant\u00e9 et votre s\u00e9curit\u00e9, et celle de votre famille, est une priorit\u00e9 pour nous. CAE met \u00e0 votre disposition des programmes et des ressources pour favoriser votre sant\u00e9 physique, \u00e9motionnelle et financi\u00e8re. Vos programmes d\u2019avantages sociaux de CAE vous donne la flexibilit\u00e9 et les choix qui vous permettent de r\u00e9pondre aux besoins en couverture de votre famille.<\/p>\n<p>Les programmes de CAE regroupent quatre r\u00e9gimes. La participation au r\u00e9gime d\u2019assurance collective flexible est obligatoire. En tant que nouvel employ\u00e9, vous disposez de 31 jours \u00e0 partir de la r\u00e9ception du courriel de bienvenue pour vous inscrire et choisir vos protections. Si vous ne le faites pas, on vous attribuera la couverture par d\u00e9faut, et vous ne pourrez pas la modifier avant le prochain renouvellement annuel ou si vous vivez un \u00e9v\u00e9nement de la vie admissible.<\/p>\n<p>La participation au r\u00e9gime de retraite \u00e0 prestations d\u00e9termin\u00e9es, au r\u00e9gime d\u2019achat d\u2019actions du personnel et au REER collectif est facultative. Vous pouvez choisir d\u2019y adh\u00e9rer maintenant ou plus tard.<\/p>\n<\/div>\n<p>[\/vc_column_text][\/vc_column][vc_column width=\u00a0\u00bb1\/2&Prime;][vc_single_image image=\u00a0\u00bb5028&Prime; alignment=\u00a0\u00bbcenter\u00a0\u00bb css=\u00a0\u00bb.vc_custom_1661953757226{border-right-width: 30px !important;padding-top: 20px !important;padding-left: 30px !important;}\u00a0\u00bb][\/vc_column][\/vc_row][vc_row][vc_column width=\u00a0\u00bb1\/4&Prime;][vc_column_text]<\/p>\n<div class=\"custom-text-block\">\n<h2><a href=\"https:\/\/select-benefits-integration.com\/fr\/programme-davantages-sociaux\/regime-dassurance-collective-flexible\/\">R\u00e9gime d\u2019assurance collective flexible<\/a><\/h2>\n<\/div>\n<p>[\/vc_column_text][\/vc_column][vc_column width=\u00a0\u00bb1\/4&Prime;][vc_column_text]<\/p>\n<div class=\"custom-text-block\">\n<h2><a href=\"https:\/\/select-benefits-integration.com\/fr\/programme-davantages-sociaux\/regime-de-retraite-a-prestations-determinees\/\">R\u00e9gime de retraite \u00e0 prestations d\u00e9termin\u00e9es<\/a><\/h2>\n<\/div>\n<p>[\/vc_column_text][\/vc_column][vc_column width=\u00a0\u00bb1\/4&Prime;][vc_column_text]<\/p>\n<div class=\"custom-text-block\">\n<h2><a href=\"https:\/\/select-benefits-integration.com\/fr\/programme-davantages-sociaux\/regime-dachat-dactions\/\">R\u00e9gime d\u2019achat d\u2019actions du personnel<\/a><\/h2>\n<\/div>\n<p>[\/vc_column_text][\/vc_column][vc_column width=\u00a0\u00bb1\/4&Prime;][vc_column_text]<\/p>\n<div class=\"custom-text-block\">\n<h2><a href=\"https:\/\/select-benefits-integration.com\/fr\/programme-davantages-sociaux\/regime-enregistre-depargne-retraite-collectif\/\">R\u00e9gime enregistr\u00e9 d\u2019\u00e9pargne-retraite (REER) collectif<\/a><\/h2>\n<\/div>\n<p>[\/vc_column_text][\/vc_column][\/vc_row][vc_row el_id=\u00a0\u00bbbraces-custom-row\u00a0\u00bb][vc_column width=\u00a0\u00bb1\/4&Prime;][vc_column_text]<\/p>\n<div id=\"curly-brace\">\n<div id=\"left\" class=\"brace\"><\/div>\n<div id=\"right\" class=\"brace\"><\/div>\n<\/div>\n<p>[\/vc_column_text][vc_column_text]<\/p>\n<p style=\"text-align: center;\"><strong>Protections obligatoires<\/strong><br \/>\nVous devez vous inscrire dans les 31 jours suivant la r\u00e9ception du courriel de bienvenue, sinon on vous attribuera la couverture par d\u00e9faut.[\/vc_column_text][\/vc_column][vc_column width=\u00a0\u00bb3\/4&Prime;][vc_column_text]<\/p>\n<div id=\"curly-brace\">\n<div id=\"left\" class=\"brace\"><\/div>\n<div id=\"right\" class=\"brace\"><\/div>\n<\/div>\n<p>[\/vc_column_text][vc_column_text]<\/p>\n<p style=\"text-align: center;\"><strong>R\u00e9gimes volontaires<\/strong><br \/>\nLa participation est facultative, et vous pouvez vous inscrire en tout temps. Pour ce faire, vous devez passer \u00e0 l\u2019action et soumettre des formulaires, le cas \u00e9ch\u00e9ant.<\/p>\n<p>[\/vc_column_text][\/vc_column][\/vc_row][vc_row el_class=\u00a0\u00bbcustom-CAE-CTA-wrapper\u00a0\u00bb][vc_column][vc_column_text]<\/p>\n<div class=\"custom-CAE-CTA\">\n<h3>D\u00e9couvrez les options de couverture de votre r\u00e9gime d\u2019assurance collective flexible!<\/h3>\n<p><a href=\"https:\/\/select-benefits-integration.com\/fr\/programme-davantages-sociaux\/regime-dassurance-collective-flexible\/\" rel=\"noopener\">En savoir plus <\/a><\/p>\n<\/div>\n<p>[\/vc_column_text][\/vc_column][\/vc_row]<\/p>\n","protected":false},"excerpt":{"rendered":"<p>[vc_row css=\u00a0\u00bb.vc_custom_1635351514671{padding-bottom: 20px !important;}\u00a0\u00bb el_class=\u00a0\u00bbwhats-new-section1&Prime;][vc_column width=\u00a0\u00bb1\/2&Prime; el_class=\u00a0\u00bbwhats-new-section1-text\u00a0\u00bb][vc_column_text] Assurer votre sant\u00e9 et votre s\u00e9curit\u00e9, et celle de votre famille, est une priorit\u00e9 pour nous. CAE met \u00e0 votre disposition des programmes et des ressources pour favoriser votre sant\u00e9 physique, \u00e9motionnelle et financi\u00e8re. Vos programmes d\u2019avantages sociaux de CAE vous donne la [&hellip;]<\/p>\n","protected":false},"author":1,"featured_media":0,"parent":0,"menu_order":0,"comment_status":"closed","ping_status":"closed","template":"","meta":{"om_disable_all_campaigns":false,"footnotes":""},"class_list":["post-3689","page","type-page","status-publish","hentry"],"aioseo_notices":[],"jetpack_sharing_enabled":true,"_links":{"self":[{"href":"https:\/\/select-benefits-integration.com\/fr\/wp-json\/wp\/v2\/pages\/3689","targetHints":{"allow":["GET"]}}],"collection":[{"href":"https:\/\/select-benefits-integration.com\/fr\/wp-json\/wp\/v2\/pages"}],"about":[{"href":"https:\/\/select-benefits-integration.com\/fr\/wp-json\/wp\/v2\/types\/page"}],"author":[{"embeddable":true,"href":"https:\/\/select-benefits-integration.com\/fr\/wp-json\/wp\/v2\/users\/1"}],"replies":[{"embeddable":true,"href":"https:\/\/select-benefits-integration.com\/fr\/wp-json\/wp\/v2\/comments?post=3689"}],"version-history":[{"count":10,"href":"https:\/\/select-benefits-integration.com\/fr\/wp-json\/wp\/v2\/pages\/3689\/revisions"}],"predecessor-version":[{"id":6308,"href":"https:\/\/select-benefits-integration.com\/fr\/wp-json\/wp\/v2\/pages\/3689\/revisions\/6308"}],"wp:attachment":[{"href":"https:\/\/select-benefits-integration.com\/fr\/wp-json\/wp\/v2\/media?parent=3689"}],"curies":[{"name":"wp","href":"https:\/\/api.w.org\/{rel}","templated":true}]}}