{"id":5734,"date":"2022-08-31T13:58:09","date_gmt":"2022-08-31T13:58:09","guid":{"rendered":"https:\/\/select-benefits-integration.com\/?page_id=5734"},"modified":"2026-04-15T15:55:52","modified_gmt":"2026-04-15T15:55:52","slug":"regime-de-retraite-a-prestations-determinees","status":"publish","type":"page","link":"https:\/\/select-benefits-integration.com\/fr\/regime-de-retraite-a-prestations-determinees\/","title":{"rendered":"R\u00e9gime de retraite \u00e0 prestations d\u00e9termin\u00e9es"},"content":{"rendered":"<p>[vc_row css=\u00a0\u00bb.vc_custom_1657223677205{padding-bottom: 20px !important;}\u00a0\u00bb el_class=\u00a0\u00bbwhats-new-section1 hidden-icon-list-wrapper\u00a0\u00bb][vc_column width=\u00a0\u00bb1\/2&Prime; el_class=\u00a0\u00bbwhats-new-section1-text\u00a0\u00bb][vc_column_text]CAE offre aux employ\u00e9s un r\u00e9gime de retraite \u00e0 prestations d\u00e9termin\u00e9es. Cela signifie que, durant votre retraite, vous recevrez une rente mensuelle dont le montant est calcul\u00e9 selon une formule pr\u00e9\u00e9tablie qui tient compte de vos ann\u00e9es de service reconnu et de votre salaire de base durant votre carri\u00e8re.<\/p>\n<p>La rente mensuelle fournie par le r\u00e9gime, combin\u00e9e aux prestations gouvernementales et \u00e0 votre \u00e9pargne personnelle, vous aidera \u00e0 atteindre le niveau de vie que vous d\u00e9sirez durant votre retraite.<\/p>\n<div class=\"CAE-EEE-checklist vntd-icon-list icon-list-simple icon-list-basic icon-list-color-accent\">\n<ul class=\"icon-list\">\n<li><i class=\"fas fa-check color-accent\"><\/i>La participation au r\u00e9gime est facultative, et vous pouvez y adh\u00e9rer d\u00e8s votre date d\u2019embauche.<\/li>\n<li><i class=\"fas fa-check color-accent\"><\/i>Vous recevrez un courriel vous invitant \u00e0 vous inscrire.<\/li>\n<li><i class=\"fas fa-check color-accent\"><\/i>Vous pouvez adh\u00e9rer au r\u00e9gime en tout temps sur <strong>l&rsquo;outil en ligne libre-service pour les employ\u00e9s (LSE)<\/strong>.\u00a0Acc\u00e9dez au LSE par notre acc\u00e8s unique <a style=\"color: #000; text-decoration: underline;\" href=\"https:\/\/cae.seb-admin.com\/\" target=\"_blank\" rel=\"noopener\"><strong>sur CAE MesAvantages<\/strong><\/a> sous la tuile R\u00e9gime de retraite puis cliquez sur site web du fournisseur.<\/li>\n<li><i class=\"fas fa-check color-accent\"><\/i>Notez qu\u2019\u00e0 partir du moment o\u00f9 vous deviendrez un participant, vous devrez continuer \u00e0 cotiser tant que vous serez un employ\u00e9 actif de CAE.<\/li>\n<li><i class=\"fas fa-check color-accent\"><\/i>Une formule pr\u00e9d\u00e9termin\u00e9e fixe le montant de vos cotisations.<\/li>\n<li><i class=\"fas fa-check color-accent\"><\/i>CAE cotise aussi au r\u00e9gime selon les recommandations \u00e9mises par l\u2019actuaire du r\u00e9gime.<\/li>\n<li><i class=\"fas fa-check color-accent\"><\/i>N\u2019oubliez pas que la participation au r\u00e9gime de retraite \u00e0 prestations d\u00e9termin\u00e9es aura une incidence sur votre maximum d\u00e9ductible au titre des REER.<\/li>\n<\/ul>\n<\/div>\n<p>[\/vc_column_text]<div class=\"vntd-icon-list icon-list-simple icon-list-basic icon-list-color-accent\"><ul class=\"icon-list\"><li><i class=\"fas fa-info-circle color-accent\"><\/i><\/li><\/ul><\/div>[\/vc_column][vc_column width=\u00a0\u00bb1\/2&Prime; el_class=\u00a0\u00bbCAE-BP-programs DBPP-img\u00a0\u00bb][vc_single_image image=\u00a0\u00bb5464&Prime; alignment=\u00a0\u00bbcenter\u00a0\u00bb][vc_column_text css=\u00a0\u00bb.vc_custom_1727099438669{padding-right: 30px !important;padding-left: 30px !important;}\u00a0\u00bb]<\/p>\n<div class=\"CAE-important-notice\">\n<p>Voyez les d\u00e9tails dans la <strong><a href=\"https:\/\/select-benefits-integration.com\/wp-content\/uploads\/2024\/09\/CAEP_BROCHURE-Regime-de-retraite_FR.pdf\" target=\"_blank\" rel=\"noopener\">brochure du r\u00e9gime de retraite \u00e0 prestations d\u00e9termin\u00e9es<\/a><\/strong>.<\/p>\n<\/div>\n<p>[\/vc_column_text][\/vc_column][\/vc_row]<\/p>\n","protected":false},"excerpt":{"rendered":"<p>[vc_row css=\u00a0\u00bb.vc_custom_1657223677205{padding-bottom: 20px !important;}\u00a0\u00bb el_class=\u00a0\u00bbwhats-new-section1 hidden-icon-list-wrapper\u00a0\u00bb][vc_column width=\u00a0\u00bb1\/2&Prime; el_class=\u00a0\u00bbwhats-new-section1-text\u00a0\u00bb][vc_column_text]CAE offre aux employ\u00e9s un r\u00e9gime de retraite \u00e0 prestations d\u00e9termin\u00e9es. Cela signifie que, durant votre retraite, vous recevrez une rente mensuelle dont le montant est calcul\u00e9 selon une formule pr\u00e9\u00e9tablie qui tient compte de vos ann\u00e9es de service reconnu et de votre [&hellip;]<\/p>\n","protected":false},"author":1,"featured_media":0,"parent":0,"menu_order":0,"comment_status":"closed","ping_status":"closed","template":"","meta":{"om_disable_all_campaigns":false,"footnotes":""},"class_list":["post-5734","page","type-page","status-publish","hentry"],"aioseo_notices":[],"jetpack_sharing_enabled":true,"_links":{"self":[{"href":"https:\/\/select-benefits-integration.com\/fr\/wp-json\/wp\/v2\/pages\/5734","targetHints":{"allow":["GET"]}}],"collection":[{"href":"https:\/\/select-benefits-integration.com\/fr\/wp-json\/wp\/v2\/pages"}],"about":[{"href":"https:\/\/select-benefits-integration.com\/fr\/wp-json\/wp\/v2\/types\/page"}],"author":[{"embeddable":true,"href":"https:\/\/select-benefits-integration.com\/fr\/wp-json\/wp\/v2\/users\/1"}],"replies":[{"embeddable":true,"href":"https:\/\/select-benefits-integration.com\/fr\/wp-json\/wp\/v2\/comments?post=5734"}],"version-history":[{"count":10,"href":"https:\/\/select-benefits-integration.com\/fr\/wp-json\/wp\/v2\/pages\/5734\/revisions"}],"predecessor-version":[{"id":7713,"href":"https:\/\/select-benefits-integration.com\/fr\/wp-json\/wp\/v2\/pages\/5734\/revisions\/7713"}],"wp:attachment":[{"href":"https:\/\/select-benefits-integration.com\/fr\/wp-json\/wp\/v2\/media?parent=5734"}],"curies":[{"name":"wp","href":"https:\/\/api.w.org\/{rel}","templated":true}]}}