{"id":5776,"date":"2022-08-31T16:27:00","date_gmt":"2022-08-31T16:27:00","guid":{"rendered":"https:\/\/select-benefits-integration.com\/?page_id=5776"},"modified":"2025-11-14T05:52:57","modified_gmt":"2025-11-14T05:52:57","slug":"nous-joindre","status":"publish","type":"page","link":"https:\/\/select-benefits-integration.com\/fr\/nous-joindre\/","title":{"rendered":"Nous joindre"},"content":{"rendered":"<p>[vc_row][vc_column width=\u00a0\u00bb2\/3&Prime;][vc_column_text]Si vous avez des questions sur les r\u00e9gimes de CAE, contactez le Centre d\u2019appels CAE au 1-888-878-9636.<\/p>\n<p>Des agents ayant re\u00e7u une formation sp\u00e9ciale sur les r\u00e9gimes d\u2019avantages sociaux de CAE sont \u00e0 votre service du lundi au vendredi de 8 h \u00e0 20 h, heure de l\u2019Est.<\/p>\n<table class=\"cae-contact-chart\">\n<tbody>\n<tr>\n<td><strong>Programme d&rsquo;aide aux employ\u00e9s:<\/strong><\/td>\n<td colspan=\"2\"><span data-olk-copy-source=\"MessageBody\">Option <\/span>1<\/td>\n<\/tr>\n<tr>\n<td><strong>R\u00e9gime d&rsquo;assurance collective: <\/strong><\/td>\n<td><strong><u>Administrateur (SEB)<\/u><\/strong><\/p>\n<p>Appuyez sur 2 pour l&rsquo;assurance collective, puis sur 1 pour parler \u00e0 l&rsquo;administrateur.<br \/>\n<strong>Exemple <\/strong>:<\/p>\n<ul>\n<li>Question concernant votre <strong>acc\u00e8s CAE MesAvantages<\/strong>.<\/li>\n<li>Question concernant un <strong>\u00e9v\u00e9nement de la vie<\/strong> ;<\/li>\n<li>Question concernant les <strong>outils<\/strong> ou les <strong>formulaires<\/strong> sur la plateforme.<\/li>\n<\/ul>\n<\/td>\n<td><strong><u>Assureur (Sun Life)<\/u><\/strong><\/p>\n<p>Appuyez sur 2 pour l&rsquo;assurance collective, puis sur 2 pour parler \u00e0 l&rsquo;assureur.<br \/>\n<strong>Exemple<\/strong> :<\/p>\n<ul>\n<li>Demandes de renseignements concernant tous les <strong>types de r\u00e9clamations<\/strong>.<\/li>\n<li>Acc\u00e8s \u00e0 votre <strong>profil Sun Life<\/strong>.<\/li>\n<\/ul>\n<\/td>\n<\/tr>\n<tr>\n<td><strong>R\u00e9gime de retraite: <\/strong><\/td>\n<td colspan=\"2\"><span data-olk-copy-source=\"MessageBody\">Option <\/span>3<\/td>\n<\/tr>\n<tr>\n<td><strong>REER et CELI collectifs:<\/strong><\/td>\n<td colspan=\"2\"><span data-olk-copy-source=\"MessageBody\">Option <\/span>4<\/td>\n<\/tr>\n<tr>\n<td><strong>R\u00e9gime d&rsquo;achat d&rsquo;actions du personnel:<\/strong><\/td>\n<td colspan=\"2\"><span data-olk-copy-source=\"MessageBody\">Option <\/span>5<\/td>\n<\/tr>\n<\/tbody>\n<\/table>\n<p>[\/vc_column_text][\/vc_column][vc_column width=\u00a0\u00bb1\/3&Prime;][vc_single_image image=\u00a0\u00bb5726&Prime;][vc_column_text]<\/p>\n<div class=\"CAE-important-notice\">\n<p>Si vous \u00eates en p\u00e9riode de renouvellement et que vous avez des questions concernant les couvertures ou l&rsquo;outil de renouvellement, contactez l&rsquo;administrateur de l&rsquo;assurance collective (SEB) via le centre d&rsquo;appels CAE au <strong>1-888-878-9636<\/strong>. Apr\u00e8s avoir s\u00e9lectionn\u00e9 votre langue, <strong>choisissez l&rsquo;option 2, puis l&rsquo;option 1<\/strong>.<\/p>\n<\/div>\n<p>[\/vc_column_text][\/vc_column][\/vc_row][vc_row css=\u00a0\u00bb.vc_custom_1749662058657{padding-top: 75px !important;padding-bottom: 30px !important;background-color: #f8f8f8 !important;}\u00a0\u00bb el_class=\u00a0\u00bbCAE-hide-me\u00a0\u00bb][vc_column width=\u00a0\u00bb1\/6&Prime; col_padding=\u00a0\u00bb2&Prime; col_padding_side=\u00a0\u00bbright\u00a0\u00bb][\/vc_column][vc_column width=\u00a0\u00bb2\/3&Prime; el_id=\u00a0\u00bbCAE-contact-form\u00a0\u00bb el_class=\u00a0\u00bbCAE-contact-form\u00a0\u00bb]<div class=\"special-heading vntd-heading heading-no-border heading-align-center\"><h3 class=\"special-heading-title\">Formulaire de coordonn\u00e9es<\/h3><p class=\"special-heading-subtitle\">Envoyez-nous un courriel en utilisant le formulaire ci-dessous.<\/p><\/div>\n<div class=\"wpcf7 no-js\" id=\"wpcf7-f5802-o1\" lang=\"en-US\" dir=\"ltr\" data-wpcf7-id=\"5802\">\n<div class=\"screen-reader-response\"><p role=\"status\" aria-live=\"polite\" aria-atomic=\"true\"><\/p> <ul><\/ul><\/div>\n<form action=\"\/fr\/wp-json\/wp\/v2\/pages\/5776#wpcf7-f5802-o1\" method=\"post\" class=\"wpcf7-form init\" aria-label=\"Contact form\" novalidate=\"novalidate\" data-status=\"init\">\n<fieldset class=\"hidden-fields-container\"><input type=\"hidden\" name=\"_wpcf7\" value=\"5802\" \/><input type=\"hidden\" name=\"_wpcf7_version\" value=\"6.1.3\" \/><input type=\"hidden\" name=\"_wpcf7_locale\" value=\"en_US\" \/><input type=\"hidden\" name=\"_wpcf7_unit_tag\" value=\"wpcf7-f5802-o1\" \/><input type=\"hidden\" name=\"_wpcf7_container_post\" value=\"0\" \/><input type=\"hidden\" name=\"_wpcf7_posted_data_hash\" value=\"\" \/><input type=\"hidden\" name=\"_wpcf7_recaptcha_response\" value=\"\" \/>\n<\/fieldset>\n<p><label for=\"custom-fullname-fr\">Nom et pr\u00e9nom<\/label><span class=\"wpcf7-form-control-wrap\" data-name=\"full-name\"><input size=\"40\" maxlength=\"400\" class=\"wpcf7-form-control wpcf7-text wpcf7-validates-as-required\" id=\"custom-fullname-fr\" aria-required=\"true\" aria-invalid=\"false\" placeholder=\"Nom*\" value=\"\" type=\"text\" name=\"full-name\" \/><\/span><br \/>\n<label for=\"custom-email-fr\">Courriel<\/label><span class=\"wpcf7-form-control-wrap\" data-name=\"email\"><input size=\"40\" maxlength=\"400\" class=\"wpcf7-form-control wpcf7-email wpcf7-validates-as-required wpcf7-text wpcf7-validates-as-email\" id=\"custom-email-fr\" aria-required=\"true\" aria-invalid=\"false\" placeholder=\"Courriel*\" value=\"\" type=\"email\" name=\"email\" \/><\/span><br \/>\n<label for=\"custom-phone-fr\">Num\u00e9ro de t\u00e9l\u00e9phone<\/label><span class=\"wpcf7-form-control-wrap\" data-name=\"phone\"><input size=\"40\" maxlength=\"400\" class=\"wpcf7-form-control wpcf7-tel wpcf7-validates-as-required wpcf7-text wpcf7-validates-as-tel\" id=\"custom-phone-fr\" aria-required=\"true\" aria-invalid=\"false\" placeholder=\"Num\u00e9ro de t\u00e9l\u00e9phone*\" value=\"\" type=\"tel\" name=\"phone\" \/><\/span><br \/>\n<label for=\"custom-message-fr\">Message<\/label><span class=\"wpcf7-form-control-wrap\" data-name=\"your-message\"><textarea cols=\"40\" rows=\"10\" maxlength=\"2000\" class=\"wpcf7-form-control wpcf7-textarea\" id=\"custom-message-fr\" aria-invalid=\"false\" placeholder=\"Message*\" name=\"your-message\"><\/textarea><\/span><br \/>\n<input class=\"wpcf7-form-control wpcf7-submit has-spinner\" type=\"submit\" value=\"Soumettre\" \/>\n<\/p><div class=\"wpcf7-response-output\" aria-hidden=\"true\"><\/div>\n<\/form>\n<\/div>\n[\/vc_column][vc_column width=\u00a0\u00bb1\/6&Prime;][\/vc_column][\/vc_row]<\/p>\n","protected":false},"excerpt":{"rendered":"<p>[vc_row][vc_column width=\u00a0\u00bb2\/3&Prime;][vc_column_text]Si vous avez des questions sur les r\u00e9gimes de CAE, contactez le Centre d\u2019appels CAE au 1-888-878-9636. Des agents ayant re\u00e7u une formation sp\u00e9ciale sur les r\u00e9gimes d\u2019avantages sociaux de CAE sont \u00e0 votre service du lundi au vendredi de 8 h \u00e0 20 h, heure de l\u2019Est. Programme [&hellip;]<\/p>\n","protected":false},"author":1,"featured_media":0,"parent":0,"menu_order":0,"comment_status":"closed","ping_status":"closed","template":"","meta":{"om_disable_all_campaigns":false,"footnotes":""},"class_list":["post-5776","page","type-page","status-publish","hentry"],"aioseo_notices":[],"jetpack_sharing_enabled":true,"_links":{"self":[{"href":"https:\/\/select-benefits-integration.com\/fr\/wp-json\/wp\/v2\/pages\/5776","targetHints":{"allow":["GET"]}}],"collection":[{"href":"https:\/\/select-benefits-integration.com\/fr\/wp-json\/wp\/v2\/pages"}],"about":[{"href":"https:\/\/select-benefits-integration.com\/fr\/wp-json\/wp\/v2\/types\/page"}],"author":[{"embeddable":true,"href":"https:\/\/select-benefits-integration.com\/fr\/wp-json\/wp\/v2\/users\/1"}],"replies":[{"embeddable":true,"href":"https:\/\/select-benefits-integration.com\/fr\/wp-json\/wp\/v2\/comments?post=5776"}],"version-history":[{"count":10,"href":"https:\/\/select-benefits-integration.com\/fr\/wp-json\/wp\/v2\/pages\/5776\/revisions"}],"predecessor-version":[{"id":7493,"href":"https:\/\/select-benefits-integration.com\/fr\/wp-json\/wp\/v2\/pages\/5776\/revisions\/7493"}],"wp:attachment":[{"href":"https:\/\/select-benefits-integration.com\/fr\/wp-json\/wp\/v2\/media?parent=5776"}],"curies":[{"name":"wp","href":"https:\/\/api.w.org\/{rel}","templated":true}]}}