{"id":6172,"date":"2023-02-28T22:50:19","date_gmt":"2023-02-28T22:50:19","guid":{"rendered":"https:\/\/select-benefits-integration.com\/?page_id=6172"},"modified":"2023-05-16T19:52:40","modified_gmt":"2023-05-16T19:52:40","slug":"reconnaissance-et-perfectionnement","status":"publish","type":"page","link":"https:\/\/select-benefits-integration.com\/fr\/reconnaissance-et-perfectionnement\/","title":{"rendered":"Recognition and development"},"content":{"rendered":"<p>[vc_row el_class=\u00a0\u00bbhidden-icon-list-wrapper\u00a0\u00bb][vc_column width=\u00a0\u00bb1\/2&Prime;][vc_column_text]En plus de vos programmes d\u2019avantages sociaux, CAE offre une vari\u00e9t\u00e9 de programmes qui encouragent et favorisent la reconnaissance et le perfectionnement.<\/p>\n<p>Pour en apprendre plus, rendez vous sur <a style=\"text-decoration: underline;\" href=\"https:\/\/intranet.cae.com\/\" target=\"_blank\" rel=\"noopener\">CAE360<\/a>, sous la section <em>Espace Employ\u00e9(e)s (RH)<\/em>.<\/p>\n<p>Par exemple, dans la section <em>Espace Employ\u00e9(e)s (RH)<\/em>, sous <em>Initiatives cl\u00e9s<\/em>, vous trouverez de l\u2019information sur CAEchampions. CAEchampions est le programme de reconnaissance mondial de CAE. Parce que nous savons qu\u2019il est important de reconna\u00eetre les employ\u00e9s pour leurs contributions \u00e0 la r\u00e9ussite de notre organisation, CAEchampions fournit une plateforme dynamique o\u00f9 les employ\u00e9s peuvent se reconna\u00eetre et se c\u00e9l\u00e9brer les uns les autres (e-Bravos) et r\u00e9compenser les employ\u00e9s pour leurs ann\u00e9es de service (prix de service).[\/vc_column_text]<div class=\"vntd-icon-list icon-list-simple icon-list-basic icon-list-color-accent\"><ul class=\"icon-list\"><li><i class=\"fas fa-external-link-square-alt color-accent\"><\/i><\/li><\/ul><\/div>[\/vc_column][vc_column width=\u00a0\u00bb1\/2&Prime;][vc_single_image image=\u00a0\u00bb4343&Prime; alignment=\u00a0\u00bbcenter\u00a0\u00bb][\/vc_column][\/vc_row]<\/p>\n","protected":false},"excerpt":{"rendered":"<p>[vc_row el_class=\u00a0\u00bbhidden-icon-list-wrapper\u00a0\u00bb][vc_column width=\u00a0\u00bb1\/2&Prime;][vc_column_text]En plus de vos programmes d\u2019avantages sociaux, CAE offre une vari\u00e9t\u00e9 de programmes qui encouragent et favorisent la reconnaissance et le perfectionnement. Pour en apprendre plus, rendez vous sur CAE360, sous la section Espace Employ\u00e9(e)s (RH). Par exemple, dans la section Espace Employ\u00e9(e)s (RH), sous Initiatives cl\u00e9s, vous [&hellip;]<\/p>\n","protected":false},"author":1,"featured_media":0,"parent":0,"menu_order":0,"comment_status":"closed","ping_status":"closed","template":"","meta":{"om_disable_all_campaigns":false,"footnotes":""},"class_list":["post-6172","page","type-page","status-publish","hentry"],"aioseo_notices":[],"jetpack_sharing_enabled":true,"_links":{"self":[{"href":"https:\/\/select-benefits-integration.com\/fr\/wp-json\/wp\/v2\/pages\/6172","targetHints":{"allow":["GET"]}}],"collection":[{"href":"https:\/\/select-benefits-integration.com\/fr\/wp-json\/wp\/v2\/pages"}],"about":[{"href":"https:\/\/select-benefits-integration.com\/fr\/wp-json\/wp\/v2\/types\/page"}],"author":[{"embeddable":true,"href":"https:\/\/select-benefits-integration.com\/fr\/wp-json\/wp\/v2\/users\/1"}],"replies":[{"embeddable":true,"href":"https:\/\/select-benefits-integration.com\/fr\/wp-json\/wp\/v2\/comments?post=6172"}],"version-history":[{"count":5,"href":"https:\/\/select-benefits-integration.com\/fr\/wp-json\/wp\/v2\/pages\/6172\/revisions"}],"predecessor-version":[{"id":6324,"href":"https:\/\/select-benefits-integration.com\/fr\/wp-json\/wp\/v2\/pages\/6172\/revisions\/6324"}],"wp:attachment":[{"href":"https:\/\/select-benefits-integration.com\/fr\/wp-json\/wp\/v2\/media?parent=6172"}],"curies":[{"name":"wp","href":"https:\/\/api.w.org\/{rel}","templated":true}]}}