{"id":6511,"date":"2024-01-24T16:43:31","date_gmt":"2024-01-24T16:43:31","guid":{"rendered":"https:\/\/select-benefits-integration.com\/?page_id=6511"},"modified":"2026-04-01T13:52:44","modified_gmt":"2026-04-01T13:52:44","slug":"programme-de-bien-etre-physique","status":"publish","type":"page","link":"https:\/\/select-benefits-integration.com\/fr\/programme-de-bien-etre-physique\/","title":{"rendered":"Programme de bien-\u00eatre physique"},"content":{"rendered":"<p>[vc_row css=\u00a0\u00bb.vc_custom_1706111892137{padding-bottom: 40px !important;}\u00a0\u00bb][vc_column][vc_column_text]CAE consid\u00e8re que votre bien-\u00eatre est important et nous vous encourageons \u00e0 participer aux initiatives de mieux-\u00eatre r\u00e9alis\u00e9es tout au long de l\u2019ann\u00e9e.[\/vc_column_text][\/vc_column][\/vc_row][vc_row css=\u00a0\u00bb.vc_custom_1706111885362{padding-bottom: 40px !important;}\u00a0\u00bb][vc_column][vc_row_inner][vc_column_inner width=\u00a0\u00bb2\/3&Prime;][vc_column_text]<\/p>\n<div class=\"CAE-virtual-care\">\n<h2>Promouvoir le bien-\u00eatre physique!<\/h2>\n<p>Le programme de bien\u2011\u00eatre physique de CAE vise \u00e0 encourager les employ\u00e9s admissibles \u00e0 adopter et maintenir des habitudes de vie actives en soutenant financi\u00e8rement leur participation \u00e0 des <strong>activit\u00e9s de bien\u2011\u00eatre physique pratiqu\u00e9es sur une base continue <\/strong>ainsi que l\u2019<strong>achat d\u2019\u00e9quipements sportifs admissibles.<\/strong><\/p>\n<p>L\u2019entreprise <strong>rembourse 50 %<\/strong> des frais d\u2019adh\u00e9sion de l\u2019employ\u00e9 pour des activit\u00e9s li\u00e9es au bien-\u00eatre physique pratiqu\u00e9es sur une base continue, ainsi que des co\u00fbts d\u2019\u00e9quipements sportifs admissibles,<strong> jusqu\u2019\u00e0 concurrence de 350 $<\/strong> par ann\u00e9e civile.<\/p>\n<p>Pour plus d&rsquo;informations :<\/p>\n<div class=\"CAE-EEE-checklist vntd-icon-list icon-list-simple icon-list-basic icon-list-color-accent\">\n<ul class=\"icon-list\">\n<li><i class=\"fas fa-check color-accent\"><\/i><a style=\"text-decoration: underline; color: #000;\" href=\"https:\/\/select-benefits-integration.com\/wp-content\/uploads\/2026\/04\/6.2-Brochure_Programme-de-bien-etre-physique_FR.pdf\" target=\"_blank\" rel=\"noopener\" aria-label=\"this link opens pdf document in new tab\">Brochure<\/a><\/li>\n<li><i class=\"fas fa-check color-accent\"><\/i><a style=\"text-decoration: underline; color: #000;\" href=\"https:\/\/select-benefits-integration.com\/wp-content\/uploads\/2026\/04\/6.1-FAQ-Programme-de-bien-etre-physique_FR.pdf\" target=\"_blank\" rel=\"noopener\" aria-label=\"this link opens pdf document in new tab\">FAQ<\/a><\/li>\n<\/ul>\n<\/div>\n<\/div>\n<p>[\/vc_column_text][\/vc_column_inner][vc_column_inner width=\u00a0\u00bb1\/3&Prime;][vc_single_image image=\u00a0\u00bb5039&Prime; alignment=\u00a0\u00bbcenter\u00a0\u00bb][\/vc_column_inner][\/vc_row_inner][\/vc_column][\/vc_row][vc_row][vc_column width=\u00a0\u00bb2\/3&Prime;][\/vc_column][vc_column width=\u00a0\u00bb1\/3&Prime;][\/vc_column][\/vc_row][vc_row el_class=\u00a0\u00bbhidden-icon-list-wrapper\u00a0\u00bb][vc_column]<div class=\"vntd-icon-list icon-list-simple icon-list-basic icon-list-color-accent\"><ul class=\"icon-list\"><li><i class=\"fas fa-info-circle color-accent\"><\/i><\/li><\/ul><\/div>[\/vc_column][\/vc_row]<\/p>\n","protected":false},"excerpt":{"rendered":"<p>[vc_row css=\u00a0\u00bb.vc_custom_1706111892137{padding-bottom: 40px !important;}\u00a0\u00bb][vc_column][vc_column_text]CAE consid\u00e8re que votre bien-\u00eatre est important et nous vous encourageons \u00e0 participer aux initiatives de mieux-\u00eatre r\u00e9alis\u00e9es tout au long de l\u2019ann\u00e9e.[\/vc_column_text][\/vc_column][\/vc_row][vc_row css=\u00a0\u00bb.vc_custom_1706111885362{padding-bottom: 40px !important;}\u00a0\u00bb][vc_column][vc_row_inner][vc_column_inner width=\u00a0\u00bb2\/3&Prime;][vc_column_text] Promouvoir le bien-\u00eatre physique! Le programme de bien\u2011\u00eatre physique de CAE vise \u00e0 encourager les employ\u00e9s admissibles \u00e0 adopter et [&hellip;]<\/p>\n","protected":false},"author":1,"featured_media":0,"parent":0,"menu_order":0,"comment_status":"closed","ping_status":"closed","template":"","meta":{"om_disable_all_campaigns":false,"footnotes":""},"class_list":["post-6511","page","type-page","status-publish","hentry"],"aioseo_notices":[],"jetpack_sharing_enabled":true,"_links":{"self":[{"href":"https:\/\/select-benefits-integration.com\/fr\/wp-json\/wp\/v2\/pages\/6511","targetHints":{"allow":["GET"]}}],"collection":[{"href":"https:\/\/select-benefits-integration.com\/fr\/wp-json\/wp\/v2\/pages"}],"about":[{"href":"https:\/\/select-benefits-integration.com\/fr\/wp-json\/wp\/v2\/types\/page"}],"author":[{"embeddable":true,"href":"https:\/\/select-benefits-integration.com\/fr\/wp-json\/wp\/v2\/users\/1"}],"replies":[{"embeddable":true,"href":"https:\/\/select-benefits-integration.com\/fr\/wp-json\/wp\/v2\/comments?post=6511"}],"version-history":[{"count":10,"href":"https:\/\/select-benefits-integration.com\/fr\/wp-json\/wp\/v2\/pages\/6511\/revisions"}],"predecessor-version":[{"id":7709,"href":"https:\/\/select-benefits-integration.com\/fr\/wp-json\/wp\/v2\/pages\/6511\/revisions\/7709"}],"wp:attachment":[{"href":"https:\/\/select-benefits-integration.com\/fr\/wp-json\/wp\/v2\/media?parent=6511"}],"curies":[{"name":"wp","href":"https:\/\/api.w.org\/{rel}","templated":true}]}}