{"id":6580,"date":"2024-04-22T15:25:14","date_gmt":"2024-04-22T15:25:14","guid":{"rendered":"https:\/\/select-benefits-integration.com\/?page_id=6580"},"modified":"2025-10-02T16:17:07","modified_gmt":"2025-10-02T16:17:07","slug":"compte-depargne-libre-dimpot-celi-collectif","status":"publish","type":"page","link":"https:\/\/select-benefits-integration.com\/fr\/compte-depargne-libre-dimpot-celi-collectif\/","title":{"rendered":"Compte d\u2019\u00e9pargne libre d\u2019imp\u00f4t (CELI) collectif"},"content":{"rendered":"<p>[vc_row css=\u00a0\u00bb.vc_custom_1715174366328{padding-bottom: 20px !important;}\u00a0\u00bb el_class=\u00a0\u00bbwhats-new-section1 hidden-icon-list-wrapper\u00a0\u00bb][vc_column width=\u00a0\u00bb1\/2&Prime; el_class=\u00a0\u00bbwhats-new-section1-text\u00a0\u00bb][vc_column_text]CAE vous offre la possibilit\u00e9 d\u2019investir dans un compte d\u2019\u00e9pargne libre d\u2019imp\u00f4t (CELI) collectif qui est administr\u00e9 par Desjardins.<\/p>\n<p>Il s\u2019agit d\u2019un r\u00e9gime d\u2019\u00e9pargne souple et pratique. Con\u00e7u pour \u00e9pargner \u00e0 court, moyen ou long terme.<\/p>\n<p>Gr\u00e2ce aux frais g\u00e9n\u00e9ralement moins \u00e9lev\u00e9s que dans un r\u00e9gime individuel et aux <strong>revenus de placement non imposables<\/strong>, il permet de faire fructifier votre \u00e9pargne encore plus vite.<\/p>\n<div class=\"CAE-EEE-checklist vntd-icon-list icon-list-simple icon-list-basic icon-list-color-accent\">\n<ul class=\"icon-list\">\n<li><i class=\"fas fa-check color-accent\"><\/i>La participation au r\u00e9gime est facultative, et vous pouvez y adh\u00e9rer d\u00e8s votre date d\u2019embauche.<\/li>\n<li><i class=\"fas fa-check color-accent\"><\/i>Vous pouvez adh\u00e9rer au r\u00e9gime en tout temps sur le <a style=\"color: #000; text-decoration: underline;\" href=\"http:\/\/dfs.ca\/participant\" target=\"_blank\" rel=\"noopener\"><strong>site Web de Desjardins<\/strong><\/a> :\n<ul>\n<li><i class=\"far fa-circle color-accent cae-circle\"><\/i>Acc\u00e9dez au site web de Desjardins par notre acc\u00e8s unique <a style=\"color: #000; text-decoration: underline;\" href=\"https:\/\/cae.seb-admin.com\/\" target=\"_blank\" rel=\"noopener\"><strong>sur CAE MesAvantages<\/strong><\/a> sous la tuile REER collectif et CELI collectif puis cliquez sur site web du fournisseur.<\/li>\n<li><i class=\"far fa-circle color-accent cae-circle\"><\/i>Il vous faudra votre num\u00e9ro de groupe et votre num\u00e9ro d\u2019employ\u00e9 de Desjardins (votre num\u00e9ro d\u2019employ\u00e9 de CAE + les trois derniers chiffres de votre num\u00e9ro d\u2019assurance sociale). Pour conna\u00eetre votre num\u00e9ro de groupe, consultez la section sur le REER collectif <a style=\"color: #000; text-decoration: underline;\" href=\"https:\/\/cae.seb-admin.com\/\" target=\"_blank\" rel=\"noopener\"><strong>sur CAE MesAvantages<\/strong><\/a>\u00a0pour plus d&rsquo;information.<\/li>\n<\/ul>\n<\/li>\n<li><i class=\"fas fa-check color-accent\"><\/i>Pendant votre adh\u00e9sion en ligne, vous aurez le choix parmi plusieurs options de placements.<\/li>\n<li><i class=\"fas fa-check color-accent\"><\/i>L\u2019employeur ne cotise pas \u00e0 ce r\u00e9gime.<\/li>\n<\/ul>\n<\/div>\n<p>[\/vc_column_text]<div class=\"vntd-icon-list icon-list-simple icon-list-basic icon-list-color-accent\"><ul class=\"icon-list\"><li><i class=\"far fa-circle color-accent\"><\/i><\/li><\/ul><\/div>[\/vc_column][vc_column width=\u00a0\u00bb1\/2&Prime; el_class=\u00a0\u00bbCAE-BP-programs GRPP-img\u00a0\u00bb][vc_single_image image=\u00a0\u00bb6599&Prime; alignment=\u00a0\u00bbcenter\u00a0\u00bb][vc_column_text css=\u00a0\u00bb.vc_custom_1724707126481{padding-right: 30px !important;padding-left: 30px !important;}\u00a0\u00bb]<\/p>\n<div class=\"CAE-important-notice\">\n<p><span style=\"font-size: 1.12em; font-weight: bold;\"><strong>Besoin d\u2019aide pour cr\u00e9er votre compte?<\/strong><\/span><\/p>\n<p>Visionnez le <strong><a href=\"https:\/\/www.desjardinsassurancevie.com\/fr\/videos\/creer-compte\" target=\"_blank\" rel=\"noopener\" aria-label=\"This link opens a video in new tab\">tutoriel<\/a><\/strong>. C\u2019est simple et rapide!<\/p>\n<p><strong>Pour plus d\u2019information<\/strong>, consultez la <strong><a href=\"https:\/\/select-benefits-integration.com\/wp-content\/uploads\/2024\/08\/CELI_Brochure_FR_New-hire-websites.pdf\" target=\"_blank\" rel=\"noopener\" aria-label=\"This link opens pdf document in new tab\">brochure<\/a><\/strong> ainsi que le <strong><a href=\"https:\/\/select-benefits-integration.com\/wp-content\/uploads\/2024\/08\/Sommaire_CELI_FR_New-hire-websites.pdf\" target=\"_blank\" rel=\"noopener\" aria-label=\"This link opens pdf document in new tab\">sommaire<\/a><\/strong> du CELI.<\/p>\n<\/div>\n<p>[\/vc_column_text][\/vc_column][\/vc_row]<\/p>\n","protected":false},"excerpt":{"rendered":"<p>[vc_row css=\u00a0\u00bb.vc_custom_1715174366328{padding-bottom: 20px !important;}\u00a0\u00bb el_class=\u00a0\u00bbwhats-new-section1 hidden-icon-list-wrapper\u00a0\u00bb][vc_column width=\u00a0\u00bb1\/2&Prime; el_class=\u00a0\u00bbwhats-new-section1-text\u00a0\u00bb][vc_column_text]CAE vous offre la possibilit\u00e9 d\u2019investir dans un compte d\u2019\u00e9pargne libre d\u2019imp\u00f4t (CELI) collectif qui est administr\u00e9 par Desjardins. Il s\u2019agit d\u2019un r\u00e9gime d\u2019\u00e9pargne souple et pratique. Con\u00e7u pour \u00e9pargner \u00e0 court, moyen ou long terme. Gr\u00e2ce aux frais g\u00e9n\u00e9ralement moins \u00e9lev\u00e9s que [&hellip;]<\/p>\n","protected":false},"author":1,"featured_media":0,"parent":0,"menu_order":0,"comment_status":"closed","ping_status":"closed","template":"","meta":{"om_disable_all_campaigns":false,"footnotes":""},"class_list":["post-6580","page","type-page","status-publish","hentry"],"aioseo_notices":[],"jetpack_sharing_enabled":true,"_links":{"self":[{"href":"https:\/\/select-benefits-integration.com\/fr\/wp-json\/wp\/v2\/pages\/6580","targetHints":{"allow":["GET"]}}],"collection":[{"href":"https:\/\/select-benefits-integration.com\/fr\/wp-json\/wp\/v2\/pages"}],"about":[{"href":"https:\/\/select-benefits-integration.com\/fr\/wp-json\/wp\/v2\/types\/page"}],"author":[{"embeddable":true,"href":"https:\/\/select-benefits-integration.com\/fr\/wp-json\/wp\/v2\/users\/1"}],"replies":[{"embeddable":true,"href":"https:\/\/select-benefits-integration.com\/fr\/wp-json\/wp\/v2\/comments?post=6580"}],"version-history":[{"count":10,"href":"https:\/\/select-benefits-integration.com\/fr\/wp-json\/wp\/v2\/pages\/6580\/revisions"}],"predecessor-version":[{"id":7029,"href":"https:\/\/select-benefits-integration.com\/fr\/wp-json\/wp\/v2\/pages\/6580\/revisions\/7029"}],"wp:attachment":[{"href":"https:\/\/select-benefits-integration.com\/fr\/wp-json\/wp\/v2\/media?parent=6580"}],"curies":[{"name":"wp","href":"https:\/\/api.w.org\/{rel}","templated":true}]}}