{"id":7275,"date":"2025-10-24T15:01:40","date_gmt":"2025-10-24T15:01:40","guid":{"rendered":"https:\/\/select-benefits-integration.com\/?page_id=7275"},"modified":"2025-11-15T04:10:23","modified_gmt":"2025-11-15T04:10:23","slug":"bienvenue-chez-cae","status":"publish","type":"page","link":"https:\/\/select-benefits-integration.com\/fr\/bienvenue-chez-cae\/","title":{"rendered":"Bienvenue chez CAE"},"content":{"rendered":"<p>[vc_row css=\u00a0\u00bb.vc_custom_1762985092807{padding-bottom: 0px !important;}\u00a0\u00bb el_class=\u00a0\u00bbwhats-new-section1 hidden-icon-list-wrapper\u00a0\u00bb][vc_column width=\u00a0\u00bb1\/2&Prime; el_class=\u00a0\u00bbwhats-new-section1-text\u00a0\u00bb][vc_column_text]<span class=\"TextRun SCXW68278309 BCX0\" lang=\"FR-CA\" xml:lang=\"FR-CA\" data-contrast=\"auto\"><span class=\"NormalTextRun SCXW68278309 BCX0\">Nous sommes ravis de vous accueillir au sein de notre \u00e9quipe dynamique. Chez CAE, nous nous engageons \u00e0 soutenir votre bien-\u00eatre physique, financier, social et \u00e9motionnel gr\u00e2ce \u00e0 une gamme de programmes et de ressources.<\/span><\/span><\/p>\n<p>[\/vc_column_text][vc_column_text]<\/p>\n<h2><span class=\"TextRun SCXW144104020 BCX0\" lang=\"FR-CA\" xml:lang=\"FR-CA\" data-contrast=\"auto\"><span class=\"NormalTextRun CommentStart CommentHighlightPipeRest CommentHighlightRest SCXW144104020 BCX0\">Ressources disponibles<\/span><\/span><\/h2>\n<p><span class=\"TextRun SCXW11799123 BCX0\" lang=\"FR-CA\" xml:lang=\"FR-CA\" data-contrast=\"auto\"><span class=\"NormalTextRun SCXW11799123 BCX0\">Prenez le temps d&rsquo;explorer ces outils utiles <\/span><\/span>:<\/p>\n<div class=\"CAE-EEE-checklist vntd-icon-list icon-list-simple icon-list-basic icon-list-color-accent\" style=\"margin-bottom: 35px;\">\n<ul class=\"icon-list\">\n<li><i class=\"fas fa-check color-accent\"><\/i><a style=\"color: #000; text-decoration: underline;\" href=\"https:\/\/select-benefits-integration.com\/fr\" aria-label=\"This link opens cae new hire site home page in same tab\"><strong>Programmes d&rsquo;avantages sociaux de CAE<\/strong><\/a>: obtenez un aper\u00e7u des avantages dont vous pouvez b\u00e9n\u00e9ficier.<\/li>\n<li><i class=\"fas fa-check color-accent\"><\/i><a style=\"color: #000; text-decoration: underline;\" href=\"https:\/\/select-benefits-integration.com\/fr\/faq\/\" aria-label=\"This link opens home page in same tab\"><strong>R\u00e9gime d&rsquo;assurance collective flexible &#8211; FAQ<\/strong><\/a>\u00a0: trouvez les r\u00e9ponses aux questions courantes.<\/li>\n<li><i class=\"fas fa-check color-accent\"><\/i><a style=\"color: #000; text-decoration: underline;\" href=\"https:\/\/select-benefits-integration.com\/fr\/aide-memoire-pour-les-nouveaux-employes\/\" aria-label=\"This link opens home page in same tab\"><strong>Aide-m\u00e9moire pour les nouveaux employ\u00e9s<\/strong><\/a> : restez sur la bonne voie et assurez-vous de suivre toutes les \u00e9tapes requises.<\/li>\n<li><i class=\"fas fa-check color-accent\"><\/i><a style=\"color: #000; text-decoration: underline;\" href=\"https:\/\/select-benefits-integration.com\/fr\/regime-dassurance-collective-flexible\/\" aria-label=\"This link opens PDF document in new tab\"><strong><span class=\"NormalTextRun SCXW142403989 BCX0\">Guide de d\u00e9cision CAEselect<\/span><\/strong><\/a>\u00a0et <a style=\"color: #000; text-decoration: underline;\" href=\"https:\/\/select-benefits-integration.com\/fr\/regime-dassurance-collective-flexible\/\" aria-label=\"This link opens PDF document in new tab\"><strong><span class=\"NormalTextRun SCXW224621784 BCX0\">sommaire des couvertures CAEselect<\/span><\/strong><\/a>.<\/li>\n<\/ul>\n<\/div>\n<h2><span class=\"NormalTextRun SCXW203033248 BCX0\">Avant de <\/span><span class=\"NormalTextRun SCXW203033248 BCX0\">faire votre adh\u00e9sion<\/span><\/h2>\n<p><span class=\"TextRun SCXW245597968 BCX0\" lang=\"EN-GB\" xml:lang=\"EN-GB\" data-contrast=\"auto\"><span class=\"NormalTextRun SCXW245597968 BCX0\"><span class=\"TextRun SCXW199562986 BCX0\" lang=\"FR-CA\" xml:lang=\"FR-CA\" data-contrast=\"auto\"><span class=\"NormalTextRun SCXW199562986 BCX0\">Assurez-vous d&rsquo;\u00eatre bien pr\u00e9par\u00e9 <\/span><\/span>:<\/span><\/span><\/p>\n<div class=\"CAE-EEE-checklist vntd-icon-list icon-list-simple icon-list-basic icon-list-color-accent\">\n<ul class=\"icon-list\">\n<li><i class=\"fas fa-check color-accent\"><\/i><span class=\"TextRun SCXW9765275 BCX0\" lang=\"FR-CA\" xml:lang=\"FR-CA\" data-contrast=\"auto\"><span class=\"NormalTextRun SCXW9765275 BCX0\">Comprenez le fonctionnement de chaque programme<\/span><\/span>.<\/li>\n<li><i class=\"fas fa-check color-accent\"><\/i><span class=\"TextRun SCXW61280747 BCX0\" lang=\"FR-CA\" xml:lang=\"FR-CA\" data-contrast=\"auto\"><span class=\"NormalTextRun SCXW61280747 BCX0\">Choisissez les options d&rsquo;avantages sociaux qui conviennent le mieux \u00e0 vous-m\u00eame et \u00e0 vos personnes \u00e0 charge admissibles<\/span><\/span>.<\/li>\n<li><i class=\"fas fa-check color-accent\"><\/i><span class=\"TextRun SCXW133911484 BCX0\" lang=\"FR-CA\" xml:lang=\"FR-CA\" data-contrast=\"auto\"><span class=\"NormalTextRun ContextualSpellingAndGrammarErrorV2Themed SCXW133911484 BCX0\">Choisissez le<\/span><span class=\"NormalTextRun SCXW133911484 BCX0\"> ou les <\/span><\/span><strong><span class=\"TextRun SCXW133911484 BCX0\" lang=\"FR-CA\" xml:lang=\"FR-CA\" data-contrast=\"auto\"><span class=\"NormalTextRun SCXW133911484 BCX0\">b\u00e9n\u00e9ficiaires<\/span><\/span><\/strong><span class=\"TextRun SCXW133911484 BCX0\" lang=\"FR-CA\" xml:lang=\"FR-CA\" data-contrast=\"auto\"><span class=\"NormalTextRun SCXW133911484 BCX0\"> de vos assurances.<\/span><\/span><\/li>\n<li><i class=\"fas fa-check color-accent\"><\/i><span class=\"NormalTextRun SCXW237468006 BCX0\">Planifiez la r\u00e9partition des dollars <\/span><span class=\"NormalTextRun SpellingErrorV2Themed SCXW237468006 BCX0\">CAEselect<\/span><span class=\"NormalTextRun SCXW237468006 BCX0\"> que vous pourriez recevoir<\/span>.<\/li>\n<li><i class=\"fas fa-check color-accent\"><\/i><span class=\"TextRun SCXW148094493 BCX0\" lang=\"FR-CA\" xml:lang=\"FR-CA\" data-contrast=\"auto\"><span class=\"NormalTextRun SCXW148094493 BCX0\">D\u00e9terminez le montant que vous souhaitez verser \u00e0 votre \u00e9pargne \u00e0 partir de chaque paie<\/span><\/span>.<\/li>\n<li><i class=\"fas fa-check color-accent\"><\/i><span class=\"TextRun SCXW91242726 BCX0\" lang=\"FR-CA\" xml:lang=\"FR-CA\" data-contrast=\"auto\"><span class=\"NormalTextRun SCXW91242726 BCX0\">R\u00e9cup\u00e9rez vos plafonds de cotisation au REER et au CELI \u00e0 partir de votre compte en ligne de l&rsquo;Agence du revenu du Canada sur<\/span><\/span> <a style=\"color: #000; text-decoration: underline;\" href=\"https:\/\/www.canada.ca\/\" target=\"_blank\" rel=\"noopener\"><strong>Canada.ca<\/strong><\/a>.<\/li>\n<li><i class=\"fas fa-check color-accent\"><\/i><span class=\"NormalTextRun SCXW117749658 BCX0\">Au besoin, o<\/span><span class=\"NormalTextRun SCXW117749658 BCX0\">uvrez vos comptes aupr\u00e8s de Desjardins<\/span>.<\/li>\n<\/ul>\n<\/div>\n<p>[\/vc_column_text]<div class=\"vntd-icon-list icon-list-simple icon-list-basic icon-list-color-accent\"><ul class=\"icon-list\"><li><i class=\"fas fa-info-circle color-accent\"><\/i><\/li><\/ul><\/div>[\/vc_column][vc_column width=\u00a0\u00bb1\/2&Prime; el_class=\u00a0\u00bbCAE-BP-programs\u00a0\u00bb][vc_single_image image=\u00a0\u00bb7167&Prime; alignment=\u00a0\u00bbcenter\u00a0\u00bb][vc_column_text css=\u00a0\u00bb.vc_custom_1763138556714{padding-right: 30px !important;padding-left: 30px !important;}\u00a0\u00bb]<\/p>\n<div class=\"CAE-important-notice\">\n<p><span style=\"font-size: 1.12em; font-weight: bold;\"><strong><span class=\"TextRun SCXW176774108 BCX0\" lang=\"FR-CA\" xml:lang=\"FR-CA\" data-contrast=\"auto\"><span class=\"NormalTextRun SCXW176774108 BCX0\">Important : vos prochaines \u00e9tapes<\/span><\/span><\/strong><\/span><\/p>\n<p><span class=\"TextRun SCXW21745381 BCX0\" lang=\"FR-CA\" xml:lang=\"FR-CA\" data-contrast=\"auto\"><span class=\"NormalTextRun SCXW21745381 BCX0\">Vous disposez de\u00a0<\/span><\/span><strong><span class=\"TextRun SCXW21745381 BCX0\" lang=\"FR-CA\" xml:lang=\"FR-CA\" data-contrast=\"auto\"><span class=\"NormalTextRun SCXW21745381 BCX0\">31 jours<\/span><\/span><\/strong><span class=\"TextRun SCXW21745381 BCX0\" lang=\"FR-CA\" xml:lang=\"FR-CA\" data-contrast=\"auto\"><span class=\"NormalTextRun SCXW21745381 BCX0\">\u00a0\u00e0 compter de la date de r\u00e9ception du courriel de bienvenue pour\u00a0<\/span><span class=\"NormalTextRun SCXW21745381 BCX0\">faire votre adh\u00e9sion<\/span><span class=\"NormalTextRun SCXW21745381 BCX0\">\u00a0au\u00a0<\/span><\/span><strong><span class=\"TextRun SCXW21745381 BCX0\" lang=\"FR-CA\" xml:lang=\"FR-CA\" data-contrast=\"auto\"><span class=\"NormalTextRun SCXW21745381 BCX0\">r\u00e9gime<\/span><span class=\"NormalTextRun SCXW21745381 BCX0\">\u00a0d\u2019assurance collective<\/span><\/span><\/strong><span class=\"TextRun SCXW21745381 BCX0\" lang=\"FR-CA\" xml:lang=\"FR-CA\" data-contrast=\"auto\"><span class=\"NormalTextRun SCXW21745381 BCX0\">. Ne vous inqui\u00e9tez pas, nous avons simplifi\u00e9 le processus et toutes les informations dont vous avez besoin se trouvent sur ce site.\u00a0<span class=\"TextRun SCXW238436661 BCX0\" lang=\"FR-CA\" xml:lang=\"FR-CA\" data-contrast=\"auto\"><span class=\"NormalTextRun SCXW238436661 BCX0\">Tous les autres programmes sont facultatifs<\/span><\/span>.<\/span><\/span>\u00a0Consultez ce <a href=\"https:\/\/select-benefits-integration.com\/wp-content\/uploads\/2025\/10\/New-Hires-Emails-from-Benefits-Providers_FREN.pdf\" target=\"_blank\" rel=\"noopener\" aria-label=\"This link opens pdf document in new tab\"><strong style=\"color: #000000; text-decoration: underline;\">document<\/strong><\/a> pour savoir quand vous recevrez chaque courriel de bienvenue de chaque fournisseur de services.<\/p>\n<\/div>\n<p>[\/vc_column_text][vc_column_text css=\u00a0\u00bb.vc_custom_1761319608779{padding-right: 30px !important;padding-left: 30px !important;}\u00a0\u00bb]<\/p>\n<div class=\"CAE-important-notice\">\n<p><span style=\"font-size: 1.12em; font-weight: bold;\"><strong>Pr\u00eat pour l\u2019adh\u00e9sion?<\/strong><\/span><\/p>\n<p>Allez sur le site <strong><a href=\"https:\/\/cae.seb-admin.com\/\" target=\"_blank\" rel=\"noopener\" aria-label=\"This link opens pdf document in new tab\">CAE MesAvantages<\/a>\u00a0<\/strong>&#8211; votre guichet unique pour acc<span style=\"font-size: 1.12em;\">\u00e9<\/span>der \u00e0 tous les sites Web des fournisseurs de services.<\/p>\n<\/div>\n<p>[\/vc_column_text][\/vc_column][\/vc_row][vc_row el_class=\u00a0\u00bbwhats-new-section1 hidden-icon-list-wrapper\u00a0\u00bb][vc_column el_class=\u00a0\u00bbwhats-new-section1-text\u00a0\u00bb][vc_column_text]<\/p>\n<h2><span class=\"TextRun SCXW184885171 BCX0\" lang=\"FR-CA\" xml:lang=\"FR-CA\" data-contrast=\"auto\"><span class=\"NormalTextRun SCXW184885171 BCX0\">Nous savons que les choses peuvent changer!<\/span><\/span><\/h2>\n<p><span class=\"TextRun SCXW184885171 BCX0\" lang=\"FR-CA\" xml:lang=\"FR-CA\" data-contrast=\"auto\"><span class=\"NormalTextRun SCXW184885171 BCX0\">Si vous vivez un <\/span><\/span><strong><span class=\"TextRun SCXW184885171 BCX0\" lang=\"FR-CA\" xml:lang=\"FR-CA\" data-contrast=\"auto\"><span class=\"NormalTextRun SCXW184885171 BCX0\">\u00e9v\u00e9nement <\/span><span class=\"NormalTextRun SCXW184885171 BCX0\">de la<\/span><span class=\"NormalTextRun SCXW184885171 BCX0\"> vie<\/span><span class=\"NormalTextRun SCXW184885171 BCX0\"> admissible<\/span><\/span><\/strong><span class=\"TextRun SCXW184885171 BCX0\" lang=\"FR-CA\" xml:lang=\"FR-CA\" data-contrast=\"auto\"><span class=\"NormalTextRun SCXW184885171 BCX0\">, comme un mariage ou la naissance d&rsquo;un enfant, vous pouvez mettre \u00e0 jour votre couverture d&rsquo;assurance dans les <\/span><\/span><strong><span class=\"TextRun SCXW184885171 BCX0\" lang=\"FR-CA\" xml:lang=\"FR-CA\" data-contrast=\"auto\"><span class=\"NormalTextRun SCXW184885171 BCX0\">31 jours suivant l&rsquo;\u00e9v\u00e9nement<\/span><\/span><\/strong><span class=\"TextRun SCXW184885171 BCX0\" lang=\"FR-CA\" xml:lang=\"FR-CA\" data-contrast=\"auto\"><span class=\"NormalTextRun SCXW184885171 BCX0\">. Il vous suffit de vous connecter \u00e0\u00a0<strong><a style=\"color: #000; text-decoration: underline;\" href=\"https:\/\/cae.seb-admin.com\/\" target=\"_blank\" rel=\"noopener\">CAE MesAvantages<\/a><\/strong><\/span><\/span><span class=\"TextRun SCXW184885171 BCX0\" lang=\"FR-CA\" xml:lang=\"FR-CA\" data-contrast=\"auto\"><span class=\"NormalTextRun SCXW184885171 BCX0\">, de cliquer sur \u00ab R\u00e9gime d&rsquo;assurance collective \u00bb, puis sur \u00ab Site <\/span><span class=\"NormalTextRun SCXW184885171 BCX0\">w<\/span><span class=\"NormalTextRun SCXW184885171 BCX0\">eb de l&rsquo;administrateur du <\/span><span class=\"NormalTextRun ContextualSpellingAndGrammarErrorV2Themed SCXW184885171 BCX0\">r\u00e9gime \u00bb<\/span><span class=\"NormalTextRun SCXW184885171 BCX0\"> pour effectuer vos mises \u00e0 jour<\/span><\/span>.[\/vc_column_text][vc_column_text]<\/p>\n<h2><span class=\"TextRun SCXW189696436 BCX0\" lang=\"FR-CA\" xml:lang=\"FR-CA\" data-contrast=\"auto\"><span class=\"NormalTextRun SCXW189696436 BCX0\">Si vous ne vous <\/span><span class=\"NormalTextRun SCXW189696436 BCX0\">adh\u00e9rez <\/span><span class=\"NormalTextRun SCXW189696436 BCX0\">pas<\/span><\/span><\/h2>\n<p><span class=\"NormalTextRun SCXW107234783 BCX0\">Si vous ne compl\u00e9tez pas votre <\/span><span class=\"NormalTextRun SCXW107234783 BCX0\">adh\u00e9sion <\/span><span class=\"NormalTextRun SCXW107234783 BCX0\">\u00e0 l&rsquo;assurance collective avant la date limite:<\/span><\/p>\n<div class=\"CAE-EEE-checklist vntd-icon-list icon-list-simple icon-list-basic icon-list-color-accent\">\n<ul class=\"icon-list\">\n<li><i class=\"fas fa-check color-accent\"><\/i><span class=\"TextRun SCXW266144236 BCX0\" lang=\"FR-CA\" xml:lang=\"FR-CA\" data-contrast=\"auto\"><span class=\"NormalTextRun SCXW266144236 BCX0\">Vous b\u00e9n\u00e9ficierez automatiquement d&rsquo;une couverture par d\u00e9faut, qui pourrait ne pas correspondre \u00e0 vos besoins personnels.<\/span><\/span><\/li>\n<li><i class=\"fas fa-check color-accent\"><\/i><span class=\"TextRun SCXW19695405 BCX0\" lang=\"FR-CA\" xml:lang=\"FR-CA\" data-contrast=\"auto\"><span class=\"NormalTextRun SCXW19695405 BCX0\">Les couvertures<\/span><\/span><strong><span class=\"TextRun SCXW19695405 BCX0\" lang=\"FR-CA\" xml:lang=\"FR-CA\" data-contrast=\"auto\"><span class=\"NormalTextRun SCXW19695405 BCX0\"> par d\u00e9faut<\/span><\/span><\/strong><span class=\"TextRun SCXW19695405 BCX0\" lang=\"FR-CA\" xml:lang=\"FR-CA\" data-contrast=\"auto\"><span class=\"NormalTextRun SCXW19695405 BCX0\"> comprennent <\/span><\/span>:\n<ul>\n<li><i class=\"fas fa-caret-right color-accent\"><\/i><strong><span class=\"TextRun SCXW221147980 BCX0\" lang=\"FR-CA\" xml:lang=\"FR-CA\" data-contrast=\"auto\"><span class=\"NormalTextRun SCXW221147980 BCX0\">Assurance vie de base<\/span><\/span><\/strong><\/li>\n<li><i class=\"fas fa-caret-right color-accent\"><\/i><strong><span class=\"NormalTextRun SCXW65654828 BCX0\">Soins <\/span><span class=\"NormalTextRun SCXW65654828 BCX0\">m\u00e9dicaux<\/span><span class=\"NormalTextRun SCXW65654828 BCX0\"> de bas<\/span>e<\/strong><\/li>\n<li><i class=\"fas fa-caret-right color-accent\"><\/i><strong><span class=\"TextRun SCXW199984331 BCX0\" lang=\"FR-CA\" xml:lang=\"FR-CA\" data-contrast=\"auto\"><span class=\"NormalTextRun SCXW199984331 BCX0\">Couverture d&rsquo;invalidit\u00e9 de longue dur\u00e9e (ILD) de bas<\/span><\/span>e<\/strong><\/li>\n<\/ul>\n<\/li>\n<li><i class=\"fas fa-check color-accent\"><\/i><span class=\"TextRun SCXW88327187 BCX0\" lang=\"FR-CA\" xml:lang=\"FR-CA\" data-contrast=\"auto\"><span class=\"NormalTextRun SCXW88327187 BCX0\">Vous serez inscrit sans personnes \u00e0 charge (<\/span><\/span><span class=\"TextRun SCXW88327187 BCX0\" lang=\"FR-CA\" xml:lang=\"FR-CA\" data-contrast=\"auto\"><span class=\"NormalTextRun SCXW88327187 BCX0\">statut individuel<\/span><\/span><span class=\"TextRun SCXW88327187 BCX0\" lang=\"FR-CA\" xml:lang=\"FR-CA\" data-contrast=\"auto\"><span class=\"NormalTextRun SCXW88327187 BCX0\">).<\/span><\/span><\/li>\n<li><i class=\"fas fa-check color-accent\"><\/i><span class=\"TextRun SCXW263376759 BCX0\" lang=\"FR-CA\" xml:lang=\"FR-CA\" data-contrast=\"auto\"><span class=\"NormalTextRun SCXW263376759 BCX0\">Tout montant <\/span><span class=\"NormalTextRun SCXW263376759 BCX0\">de <\/span><\/span><span class=\"TextRun SCXW263376759 BCX0\" lang=\"FR-CA\" xml:lang=\"FR-CA\" data-contrast=\"auto\"><span class=\"NormalTextRun SCXW263376759 BCX0\">dollars <\/span><span class=\"NormalTextRun SpellingErrorV2Themed SCXW263376759 BCX0\">CAEselect<\/span><\/span><span class=\"TextRun SCXW263376759 BCX0\" lang=\"FR-CA\" xml:lang=\"FR-CA\" data-contrast=\"auto\"><span class=\"NormalTextRun SCXW263376759 BCX0\"> non d\u00e9pens\u00e9<\/span><span class=\"NormalTextRun SCXW263376759 BCX0\">s, le cas \u00e9ch\u00e9ant,<\/span><span class=\"NormalTextRun SCXW263376759 BCX0\"> sera automatiquement <\/span><span class=\"NormalTextRun SCXW263376759 BCX0\">allou\u00e9 \u00e0<\/span><span class=\"NormalTextRun SCXW263376759 BCX0\"> votre <\/span><\/span><span class=\"TextRun SCXW263376759 BCX0\" lang=\"FR-CA\" xml:lang=\"FR-CA\" data-contrast=\"auto\"><span class=\"NormalTextRun SCXW263376759 BCX0\">compte de soins de sant\u00e9<\/span><\/span><span class=\"TextRun SCXW263376759 BCX0\" lang=\"FR-CA\" xml:lang=\"FR-CA\" data-contrast=\"auto\"><span class=\"NormalTextRun SCXW263376759 BCX0\"> (CSS).<\/span><\/span><\/li>\n<li><i class=\"fas fa-check color-accent\"><\/i><span class=\"TextRun SCXW37657490 BCX0\" lang=\"FR-CA\" xml:lang=\"FR-CA\" data-contrast=\"auto\"><span class=\"NormalTextRun SCXW37657490 BCX0\">Vous <\/span><\/span><span class=\"TextRun SCXW37657490 BCX0\" lang=\"FR-CA\" xml:lang=\"FR-CA\" data-contrast=\"auto\"><span class=\"NormalTextRun SCXW37657490 BCX0\">perdrez<\/span><\/span><span class=\"TextRun SCXW37657490 BCX0\" lang=\"FR-CA\" xml:lang=\"FR-CA\" data-contrast=\"auto\"><span class=\"NormalTextRun SCXW37657490 BCX0\"> la possibilit\u00e9 de recevoir jusqu&rsquo;\u00e0 50 $ <\/span><span class=\"NormalTextRun SCXW37657490 BCX0\">suppl\u00e9mentaires <\/span><span class=\"NormalTextRun SCXW37657490 BCX0\">en dollars <\/span><span class=\"NormalTextRun SpellingErrorV2Themed SCXW37657490 BCX0\">CAEselect<\/span><span class=\"NormalTextRun SCXW37657490 BCX0\"> li\u00e9s au bien-\u00eatre<\/span><\/span>.<\/li>\n<\/ul>\n<\/div>\n<h2>Important<\/h2>\n<div class=\"CAE-EEE-checklist vntd-icon-list icon-list-simple icon-list-basic icon-list-color-accent\">\n<ul class=\"icon-list\">\n<li><i class=\"fas fa-check color-accent\"><\/i><span class=\"NormalTextRun SCXW176850132 BCX0\">Pour l&rsquo;assurance collective, une fois les param\u00e8tres par d\u00e9faut appliqu\u00e9s, vous ne pouvez plus apporter de modifications avant la prochaine p\u00e9riode de <\/span><span class=\"NormalTextRun SCXW176850132 BCX0\">renouvellement <\/span><span class=\"NormalTextRun SCXW176850132 BCX0\">annuel, sauf en cas d&rsquo;\u00e9v\u00e9nement de <\/span><span class=\"NormalTextRun SCXW176850132 BCX0\">la <\/span><span class=\"NormalTextRun SCXW176850132 BCX0\">vie admissible<\/span>.<\/li>\n<li><i class=\"fas fa-check color-accent\"><\/i><span class=\"NormalTextRun SCXW207285159 BCX0\">Les nouveaux employ\u00e9s qui <\/span><span class=\"NormalTextRun SCXW207285159 BCX0\">effectuent leur adh\u00e9sion initiale <\/span><span class=\"NormalTextRun SCXW207285159 BCX0\">apr\u00e8s le d\u00e9but de la p\u00e9riode <\/span><span class=\"NormalTextRun SCXW207285159 BCX0\">de renouvellement annuel <\/span><span class=\"NormalTextRun SCXW207285159 BCX0\">ne s&rsquo;inscrivent que pour l&rsquo;ann\u00e9e en cours. Ils devront \u00e9galement <\/span><span class=\"NormalTextRun SCXW207285159 BCX0\">renouveler leurs choix<\/span><span class=\"NormalTextRun SCXW207285159 BCX0\"> pour l&rsquo;ann\u00e9e suivante afin de conserver leurs choix de couverture<\/span>.<\/li>\n<\/ul>\n<\/div>\n<p><span data-contrast=\"auto\">Nous sommes l\u00e0 pour vous aider \u00e0 chaque \u00e9tape. <\/span><span data-contrast=\"auto\">Bienvenue \u00e0 nouveau chez CAE \u2014 nous sommes ravis de vous compter parmi nous<\/span>![\/vc_column_text]<div class=\"vntd-icon-list icon-list-simple icon-list-basic icon-list-color-accent\"><ul class=\"icon-list\"><li><i class=\"fas fa-info-circle color-accent\"><\/i><\/li><\/ul><\/div>[\/vc_column][\/vc_row]<\/p>\n","protected":false},"excerpt":{"rendered":"<p>[vc_row css=\u00a0\u00bb.vc_custom_1762985092807{padding-bottom: 0px !important;}\u00a0\u00bb el_class=\u00a0\u00bbwhats-new-section1 hidden-icon-list-wrapper\u00a0\u00bb][vc_column width=\u00a0\u00bb1\/2&Prime; el_class=\u00a0\u00bbwhats-new-section1-text\u00a0\u00bb][vc_column_text]Nous sommes ravis de vous accueillir au sein de notre \u00e9quipe dynamique. Chez CAE, nous nous engageons \u00e0 soutenir votre bien-\u00eatre physique, financier, social et \u00e9motionnel gr\u00e2ce \u00e0 une gamme de programmes et de ressources. [\/vc_column_text][vc_column_text] Ressources disponibles Prenez le temps d&rsquo;explorer ces [&hellip;]<\/p>\n","protected":false},"author":1,"featured_media":0,"parent":0,"menu_order":0,"comment_status":"closed","ping_status":"closed","template":"","meta":{"om_disable_all_campaigns":false,"footnotes":""},"class_list":["post-7275","page","type-page","status-publish","hentry"],"aioseo_notices":[],"jetpack_sharing_enabled":true,"_links":{"self":[{"href":"https:\/\/select-benefits-integration.com\/fr\/wp-json\/wp\/v2\/pages\/7275","targetHints":{"allow":["GET"]}}],"collection":[{"href":"https:\/\/select-benefits-integration.com\/fr\/wp-json\/wp\/v2\/pages"}],"about":[{"href":"https:\/\/select-benefits-integration.com\/fr\/wp-json\/wp\/v2\/types\/page"}],"author":[{"embeddable":true,"href":"https:\/\/select-benefits-integration.com\/fr\/wp-json\/wp\/v2\/users\/1"}],"replies":[{"embeddable":true,"href":"https:\/\/select-benefits-integration.com\/fr\/wp-json\/wp\/v2\/comments?post=7275"}],"version-history":[{"count":10,"href":"https:\/\/select-benefits-integration.com\/fr\/wp-json\/wp\/v2\/pages\/7275\/revisions"}],"predecessor-version":[{"id":7564,"href":"https:\/\/select-benefits-integration.com\/fr\/wp-json\/wp\/v2\/pages\/7275\/revisions\/7564"}],"wp:attachment":[{"href":"https:\/\/select-benefits-integration.com\/fr\/wp-json\/wp\/v2\/media?parent=7275"}],"curies":[{"name":"wp","href":"https:\/\/api.w.org\/{rel}","templated":true}]}}