{"id":7280,"date":"2025-10-24T15:45:30","date_gmt":"2025-10-24T15:45:30","guid":{"rendered":"https:\/\/select-benefits-integration.com\/?page_id=7280"},"modified":"2025-11-17T17:30:03","modified_gmt":"2025-11-17T17:30:03","slug":"aide-memoire-ra","status":"publish","type":"page","link":"https:\/\/select-benefits-integration.com\/fr\/aide-memoire-ra\/","title":{"rendered":"Aide-m\u00e9moire RA"},"content":{"rendered":"<p>[vc_row el_class=\u00a0\u00bbCAE-AE-checklist-text\u00a0\u00bb css=\u00a0\u00bb.vc_custom_1762924075858{padding-bottom: 60px !important;}\u00a0\u00bb][vc_column width=\u00a0\u00bb3\/5&Prime;][vc_column_text css=\u00a0\u00bb.vc_custom_1763094924414{border-top-width: 40px !important;}\u00a0\u00bb]<\/p>\n<div class=\"AE-reenrol-head ae-checklist-sec1 whats-new-section1-text CAE-home-sec2\">\n<p>Chaque ann\u00e9e, pendant la p\u00e9riode de renouvellement annuel, vous s\u00e9lectionnez votre couverture pour l&rsquo;ann\u00e9e \u00e0 venir.\u00a0 Les modifications prennent effet du 1er janvier au 31 d\u00e9cembre de l&rsquo;ann\u00e9e \u00e0 venir.<\/p>\n<h2>Pour vous pr\u00e9parer au renouvellement :<\/h2>\n<div class=\"CAE-EEE-checklist vntd-icon-list icon-list-simple icon-list-basic icon-list-color-accent\">\n<ul class=\"icon-list\">\n<li><i class=\"fas fa-check color-accent\"><\/i>Consultez la page <a style=\"color: #000; text-decoration: underline;\" href=\"https:\/\/select-benefits-integration.com\/fr\/nouveautes\/\"><strong>Nouveaut\u00e9s pour 2026<\/strong><\/a> pour en savoir plus sur les mises \u00e0 jour et les modifications.<\/li>\n<li><i class=\"fas fa-check color-accent\"><\/i>Utilisez <strong>I\u2019aide-m\u00e9moire pour le renouvellement annuel<\/strong>\u00a0afin de vous assurer que vous avez bien suivi toutes les \u00e9tapes.<\/li>\n<li><i class=\"fas fa-check color-accent\"><\/i>Consultez la <a style=\"color: #000; text-decoration: underline;\" href=\"https:\/\/select-benefits-integration.com\/fr\/faq\/\" target=\"_blank\" rel=\"noopener\"><strong>FAQ<\/strong><\/a> pour obtenir des informations utiles.<\/li>\n<li><i class=\"fas fa-check color-accent\"><\/i>Consultez le <a style=\"color: #000; text-decoration: underline;\" href=\"https:\/\/select-benefits-integration.com\/fr\/regime-dassurance-collective-flexible\/\"><strong>guide de d\u00e9cision CAEselect<\/strong><\/a>\u00a0et le <a style=\"color: #000; text-decoration: underline;\" href=\"https:\/\/select-benefits-integration.com\/fr\/regime-dassurance-collective-flexible\/\"><strong>sommaire des couvertures CAEselect<\/strong><\/a>.<\/li>\n<\/ul>\n<\/div>\n<\/div>\n<p>[\/vc_column_text][vc_column_text]<\/p>\n<div class=\"CAE-AE-checklist-sec1\">\n<p><strong>\u00c9tapes pour le renouvellement :<\/strong><\/p>\n<div class=\"vntd-icon-list icon-list-simple icon-list-basic icon-list-color-accent\">\n<ul class=\"icon-list\">\n<li style=\"list-style-type: none; padding: 2px 0px;\">\n<ul class=\"icon-list\">\n<li><i class=\"far fa-check-square color-accent\"><\/i><strong>Connectez-vous \u00e0 <a style=\"color: #000;\" href=\"https:\/\/cae.seb-admin.com\" target=\"_blank\" rel=\"noopener\">CAE MesAvantages<\/a><\/strong><br \/>\nCliquez sur \u00ab R\u00e9gime d\u2019assurance collective \u00bb, puis sur \u00ab Site web de l\u2019administrateur du r\u00e9gime \u00bb pour acc\u00e9der \u00e0 l\u2019outil de renouvellement et commencer votre renouvellement.<\/li>\n<li><i class=\"far fa-check-square color-accent\"><\/i><strong>Informez-vous<\/strong><br \/>\nAvant de faire vos choix, consultez le <strong><a style=\"color: #000; text-decoration: underline;\" href=\"https:\/\/select-benefits-integration.com\/fr\/regime-dassurance-collective-flexible\/\">guide de d\u00e9cision CAEselect<\/a><\/strong>\u00a0et le <strong><a style=\"color: #000; text-decoration: underline;\" href=\"https:\/\/select-benefits-integration.com\/fr\/regime-dassurance-collective-flexible\/\">sommaire des couvertures CAEselect<\/a><\/strong>\u00a0pour en savoir plus sur vos options de couverture et obtenir des conseils utiles. Vous pouvez \u00e9galement consulter les choix qui s\u2019offrent \u00e0 vous directement dans l\u2019outil de renouvellement.<\/li>\n<li><i class=\"far fa-check-square color-accent\"><\/i><strong>V\u00e9rifiez vos informations personnelles<\/strong><br \/>\nAssurez-vous que vos informations personnelles sont exactes.<\/li>\n<li class=\"CAE-tooltip-list-AEC-fr\"><i class=\"far fa-check-square color-accent\"><\/i><strong>V\u00e9rifiez et mettez \u00e0 jour les informations relatives \u00e0 vos personnes \u00e0 charge<\/strong><br \/>\nAssurez-vous que vous ne couvrez que les<\/p>\n<div id=\"hover-text1\" class=\"cae-hover-text-list\" aria-labeledby=\"#hidden-list1\">\n<p class=\"tooltip-text\"><strong>personnes \u00e0 charge admissibles<\/strong>.<\/p>\n<ul id=\"hidden-list1\" class=\"CAE-hidden-list\" role=\"tooltip\">\n<li><i class=\"fas fa-caret-right color-accent\"><\/i>Il se peut que l\u2019on vous demande de fournir des pi\u00e8ces justificatives pour confirmer que vos personnes \u00e0 charge r\u00e9pondent aux crit\u00e8res d\u2019admissibilit\u00e9 pr\u00e9vus par le r\u00e9gime. Assurez-vous donc d\u2019avoir les documents appropri\u00e9s \u00e0 port\u00e9e de main.<\/li>\n<li><i class=\"fas fa-caret-right color-accent\"><\/i>Les personnes \u00e0 charge admissibles \u00e0 la couverture offerte par votre r\u00e9gime comprennent votre conjoint et vos enfants admissibles. Pour \u00eatre admissible \u00e0 l\u2019assurance m\u00e9dicale, votre personne \u00e0 charge doit \u00eatre assur\u00e9e par un r\u00e9gime provincial d\u2019assurance maladie.<\/li>\n<li><i class=\"fas fa-caret-right color-accent\"><\/i>La d\u00e9finition des termes \u00ab conjoint \u00bb et \u00ab enfants admissibles \u00bb est fournie sur le site Web de l\u2019administrateur du r\u00e9gime, sous l\u2019onglet \u00ab Assurance collective \u00bb, \u00ab Comprendre votre r\u00e9gime \u00bb, puis \u00ab Personnes \u00e0 charge \u00bb.<\/li>\n<\/ul>\n<\/div>\n<p>on your plan.<\/li>\n<li><i class=\"far fa-check-square color-accent\"><\/i><strong>Renouvelez votre certificat de bien-\u00eatre<\/strong><br \/>\nRenouvelez votre certificat pour recevoir jusqu\u2019\u00e0 50$ en dollars CAEselect bien-\u00eatre suppl\u00e9mentaires.<\/li>\n<li><i class=\"far fa-check-square color-accent\"><\/i><strong>Revoyez vos choix de couverture<\/strong><br \/>\nR\u00e9fl\u00e9chissez bien \u00e0 vos besoins et \u00e0 ceux de votre famille. Vous seul pouvez d\u00e9cider de la couverture qui vous convient pour l\u2019ann\u00e9e \u00e0 venir.<\/li>\n<li><i class=\"far fa-check-square color-accent\"><\/i><strong>Allouez votre exc\u00e9dent de dollars CAEselect<\/strong><br \/>\nAffectez tout exc\u00e9dent, le cas \u00e9ch\u00e9ant, \u00e0 votre :<\/p>\n<ul class=\"cae-sub-list-items\">\n<li><i class=\"fas fa-caret-right color-accent\"><\/i>Compte de soins de sant\u00e9 (CSS)<\/li>\n<li><i class=\"fas fa-caret-right color-accent\"><\/i>Compte de d\u00e9penses personnelles (CDP)<\/li>\n<li><i class=\"fas fa-caret-right color-accent\"><\/i>REER collectif CAE<\/li>\n<li><i class=\"fas fa-caret-right color-accent\"><\/i>CELI collectif CAE<\/li>\n<\/ul>\n<p><strong>Important :<\/strong><\/p>\n<ul class=\"cae-sub-list-items\">\n<li><i class=\"fas fa-caret-right color-accent\"><\/i>Si <strong>vous n\u2019affectez<\/strong> pas activement vos dollars CAEselect exc\u00e9dentaires, le cas \u00e9ch\u00e9ant, <strong>ils seront automatiquement vers\u00e9s dans votre CSS<\/strong>, m\u00eame si vous avez pr\u00e9c\u00e9demment choisi un autre compte.<\/li>\n<li class=\"CAE-tooltip-list2-AEC-fr\"><i class=\"fas fa-caret-right color-accent\"><\/i>Pour affecter des dollars au\n<div id=\"hover-text2\" class=\"cae-hover-text-list\" aria-labeledby=\"#hidden-list2\">\n<p class=\"tooltip-text\"><strong>REER collectif CAE et\/ou au CELI collectif CAE<\/strong><strong>\u00a0<\/strong><\/p>\n<ul id=\"hidden-list2\" class=\"CAE-hidden-list CAE-hidden-list-5\" role=\"tooltip\">\n<li><i class=\"fas fa-caret-right color-accent\"><\/i>Pour cr\u00e9er votre compte, rendez-vous sur le <a href=\"http:\/\/dfs.ca\/participant\" target=\"_blank\" rel=\"noopener\">site Web de Desjardins Assurances<\/a> (pour l\u2019inscription au REER collectif CAE et au CELI collectif CAE) et cliquez sur le bouton vert \u00ab Continuer \u00bb, puis sur \u00ab S\u2019inscrire \u00bb. Acc\u00e9dez au site Web de Desjardins \u00e0 l\u2019aide de notre connexion unique sur CAE MesAvantages sous la tuile REER collectif et CELI collectif, puis sur le site Web du fournisseur.<\/li>\n<li><i class=\"fas fa-caret-right color-accent\"><\/i>Vous aurez besoin de votre num\u00e9ro de groupe et de votre num\u00e9ro d\u2019employ\u00e9 Desjardins (votre num\u00e9ro d\u2019employ\u00e9 CAE + les 3 derniers chiffres de votre num\u00e9ro d\u2019assurance sociale). Pour obtenir votre num\u00e9ro de groupe, consultez la tuile REER collectif et CELI collectif dans\u00a0<a style=\"text-decoration: underline;\" href=\"https:\/\/cae.seb-admin.com\" target=\"_blank\" rel=\"noopener\"><strong>CAE MesAvantages.<\/strong><\/a>.<\/li>\n<\/ul>\n<\/div>\n<p>vous devez avoir un compte actif chez Desjardins Assurances avant le 3 d\u00e9cembre 2025.<\/li>\n<li><i class=\"fas fa-caret-right color-accent\"><\/i>Si aucun compte n\u2019est ouvert \u00e0 cette date, tous les fonds allou\u00e9s seront vers\u00e9s par d\u00e9faut dans votre CSS.<\/li>\n<\/ul>\n<\/li>\n<li><i class=\"far fa-check-square color-accent\"><\/i><strong>V\u00e9rifiez et mettez \u00e0 jour vos d\u00e9signations de b\u00e9n\u00e9ficiaires<\/strong><br \/>\nMettez \u00e0 jour vos b\u00e9n\u00e9ficiaires si n\u00e9cessaire. Vos modifications prennent effet imm\u00e9diatement, sans qu\u2019il soit n\u00e9cessaire de remplir des formulaires papier! En vous connectant \u00e0 <strong><a style=\"color: #000;\" href=\"https:\/\/cae.seb-admin.com\" target=\"_blank\" rel=\"noopener\"> CAE MesAvantages<\/a><\/strong>\u00a0avec vos identifiants, vous apposez votre signature \u00e9lectronique.<\/li>\n<li><i class=\"far fa-check-square color-accent\"><\/i><strong>Terminez votre renouvellement<\/strong><br \/>\nS\u00e9lectionnez \u00ab Terminer l\u2019adh\u00e9sion \u00bb pour confirmer vos choix.<\/li>\n<li><i class=\"far fa-check-square color-accent\"><\/i><strong>Enregistrez votre relev\u00e9 de confirmation<\/strong><br \/>\nImprimez ou envoyez par courriel une copie de votre relev\u00e9 de confirmation pour vos archives.<\/li>\n<li><i class=\"far fa-check-square color-accent\"><\/i><strong>Vous avez termin\u00e9!<\/strong><\/li>\n<\/ul>\n<\/li>\n<\/ul>\n<\/div>\n<\/div>\n<p>[\/vc_column_text]<div class=\"vntd-icon-list icon-list-simple icon-list-basic icon-list-color-gray\"><ul class=\"icon-list\"><li><i class=\"fas fa-caret-right color-gray\"><\/i><\/li><\/ul><\/div>[\/vc_column][vc_column width=\u00a0\u00bb2\/5&Prime; el_class=\u00a0\u00bbCAE-checklist-notice\u00a0\u00bb][vc_single_image image=\u00a0\u00bb7169&Prime; css=\u00a0\u00bb.vc_custom_1762274111164{padding-left: 50px !important;}\u00a0\u00bb][\/vc_column][\/vc_row][vc_row el_class=\u00a0\u00bbCAE-AE-checklist-text\u00a0\u00bb][vc_column width=\u00a0\u00bb3\/5&Prime;][\/vc_column][vc_column width=\u00a0\u00bb2\/5&Prime; css=\u00a0\u00bb.vc_custom_1637354030089{padding-left: 0px !important;}\u00a0\u00bb][\/vc_column][\/vc_row][vc_row disable_element=\u00a0\u00bbyes\u00a0\u00bb el_class=\u00a0\u00bbCAE-AE-checklist-text\u00a0\u00bb][vc_column][vc_column_text]<\/p>\n<div class=\"CAE-AE-checklist-sec3\">\n<h3>Opting Out of Coverage?<\/h3>\n<p>If you choose to opt out of health care coverage this year you must provide proof that you have coverage elsewhere.<\/p>\n<div class=\"vntd-icon-list icon-list-simple icon-list-basic icon-list-color-accent\">\n<ul class=\"icon-list\">\n<li><i class=\"fas fa-caret-right color-accent\"><\/i>From the Action Needed page, download the Opt Out Letter.<\/li>\n<li><i class=\"fas fa-caret-right color-accent\"><\/i>Select to either Print the form or have it mailed to your home.<\/li>\n<li><i class=\"fas fa-caret-right color-accent\"><\/i>Complete and sign the form and mail to the CAE Benefits Centre at the address on the form by December 31st, 2021.<\/li>\n<\/ul>\n<\/div>\n<\/div>\n<p>[\/vc_column_text]<div class=\"vntd-icon-list icon-list-simple icon-list-basic icon-list-color-gray\"><ul class=\"icon-list\"><li><i class=\"fas fa-caret-right color-gray\"><\/i><\/li><\/ul><\/div>[\/vc_column][\/vc_row]<\/p>\n","protected":false},"excerpt":{"rendered":"<p>[vc_row el_class=\u00a0\u00bbCAE-AE-checklist-text\u00a0\u00bb css=\u00a0\u00bb.vc_custom_1762924075858{padding-bottom: 60px !important;}\u00a0\u00bb][vc_column width=\u00a0\u00bb3\/5&Prime;][vc_column_text css=\u00a0\u00bb.vc_custom_1763094924414{border-top-width: 40px !important;}\u00a0\u00bb] Chaque ann\u00e9e, pendant la p\u00e9riode de renouvellement annuel, vous s\u00e9lectionnez votre couverture pour l&rsquo;ann\u00e9e \u00e0 venir.\u00a0 Les modifications prennent effet du 1er janvier au 31 d\u00e9cembre de l&rsquo;ann\u00e9e \u00e0 venir. Pour vous pr\u00e9parer au renouvellement : Consultez la page Nouveaut\u00e9s pour [&hellip;]<\/p>\n","protected":false},"author":1,"featured_media":0,"parent":0,"menu_order":0,"comment_status":"closed","ping_status":"closed","template":"","meta":{"om_disable_all_campaigns":false,"footnotes":""},"class_list":["post-7280","page","type-page","status-publish","hentry"],"aioseo_notices":[],"jetpack_sharing_enabled":true,"_links":{"self":[{"href":"https:\/\/select-benefits-integration.com\/fr\/wp-json\/wp\/v2\/pages\/7280","targetHints":{"allow":["GET"]}}],"collection":[{"href":"https:\/\/select-benefits-integration.com\/fr\/wp-json\/wp\/v2\/pages"}],"about":[{"href":"https:\/\/select-benefits-integration.com\/fr\/wp-json\/wp\/v2\/types\/page"}],"author":[{"embeddable":true,"href":"https:\/\/select-benefits-integration.com\/fr\/wp-json\/wp\/v2\/users\/1"}],"replies":[{"embeddable":true,"href":"https:\/\/select-benefits-integration.com\/fr\/wp-json\/wp\/v2\/comments?post=7280"}],"version-history":[{"count":10,"href":"https:\/\/select-benefits-integration.com\/fr\/wp-json\/wp\/v2\/pages\/7280\/revisions"}],"predecessor-version":[{"id":7592,"href":"https:\/\/select-benefits-integration.com\/fr\/wp-json\/wp\/v2\/pages\/7280\/revisions\/7592"}],"wp:attachment":[{"href":"https:\/\/select-benefits-integration.com\/fr\/wp-json\/wp\/v2\/media?parent=7280"}],"curies":[{"name":"wp","href":"https:\/\/api.w.org\/{rel}","templated":true}]}}