{"id":7300,"date":"2025-10-24T19:01:21","date_gmt":"2025-10-24T19:01:21","guid":{"rendered":"https:\/\/select-benefits-integration.com\/?page_id=7300"},"modified":"2025-11-17T15:18:29","modified_gmt":"2025-11-17T15:18:29","slug":"nouveautes","status":"publish","type":"page","link":"https:\/\/select-benefits-integration.com\/fr\/nouveautes\/","title":{"rendered":"Nouveaut\u00e9s pour 2026"},"content":{"rendered":"<p>[vc_row css=\u00a0\u00bb.vc_custom_1763052151520{padding-bottom: 5px !important;}\u00a0\u00bb el_class=\u00a0\u00bbwhats-new-section1 hidden-icon-list-wrapper\u00a0\u00bb el_id=\u00a0\u00bbwhats-new-banner-sec\u00a0\u00bb][vc_column width=\u00a0\u00bb1\/2&Prime; el_class=\u00a0\u00bbwhats-new-section1-text\u00a0\u00bb][vc_column_text]<\/p>\n<div class=\"whats-new-banner-head\">\n<p>Chaque ann\u00e9e, CAE proc\u00e8de \u00e0 une \u00e9valuation approfondie de son r\u00e9gime d\u2019assurance collective afin de r\u00e9pondre aux besoins \u00e9volutifs de ses employ\u00e9s en mati\u00e8re de sant\u00e9, de bien-\u00eatre et d\u2019accompagnement, tout en assurant la viabilit\u00e9 du r\u00e9gime. Pour 2026, plusieurs am\u00e9liorations significatives ont \u00e9t\u00e9 apport\u00e9es afin de mieux soutenir les employ\u00e9s et leurs familles.<\/p>\n<\/div>\n<p>[\/vc_column_text][\/vc_column][vc_column width=\u00a0\u00bb1\/2&Prime; el_class=\u00a0\u00bbCAE-BP-programs DBPP-img\u00a0\u00bb][\/vc_column][\/vc_row][vc_row el_class=\u00a0\u00bbwhats-new-section1 hidden-icon-list-wrapper cae-greyhighlighted-sections\u00a0\u00bb][vc_column width=\u00a0\u00bb1\/2&Prime;][vc_single_image image=\u00a0\u00bb7578&Prime; css=\u00a0\u00bb.vc_custom_1763392647885{padding-right: 20px !important;}\u00a0\u00bb][\/vc_column][vc_column width=\u00a0\u00bb1\/2&Prime;][vc_column_text]<\/p>\n<div class=\"CAE-home-sec2\">\n<h2>Sant\u00e9 mentale\u202fet physioth\u00e9rapie : des couvertures bonifi\u00e9es<\/h2>\n<p>Parmi les priorit\u00e9s identifi\u00e9es cette ann\u00e9e, la sant\u00e9 mentale et physique demeure une priorit\u00e9 dans nos d\u00e9marches d\u2019am\u00e9liorations. C\u2019est pourquoi CAE est fi\u00e8re d\u2019annoncer des bonifications \u00e0 cet \u00e9gard\u202f:<\/p>\n<div class=\"CAE-EEE-checklist vntd-icon-list icon-list-simple icon-list-basic icon-list-color-accent\">\n<ul class=\"icon-list\">\n<li><i class=\"fas fa-check color-accent\"><\/i><strong>Augmentation des maximums couverts pour les soins psychologiques et la physioth\u00e9rapie, exclusivement pour les employ\u00e9s\u202f: <\/strong><br \/>\nLes soins psychologiques et la physioth\u00e9rapie sont d\u00e9sormais couverts \u00e0 100% jusqu\u2019\u00e0 concurrence de\u202f:<\/p>\n<ul class=\"CAE-nested-list\" style=\"margin-top: -15px;\">\n<li><i class=\"fas fa-circle color-accent\"><\/i>Option de base\u202f: 750$<\/li>\n<li><i class=\"fas fa-circle color-accent\"><\/i>Option 1\u202f: 1 500$<\/li>\n<li><i class=\"fas fa-circle color-accent\"><\/i>Option 2\u202f: 2\u202f250$<\/li>\n<\/ul>\n<p>Le maximum global pour les autres professionnels demeure inchang\u00e9.<\/li>\n<li><i class=\"fas fa-check color-accent\"><\/i><strong>\u00c9largissement des professionnels couverts\u202f:<\/strong> les th\u00e9rapeutes conjugaux et familiaux, les sexologues et les conseillers certifi\u00e9s sont maintenant admissibles sous la cat\u00e9gorie des soins psychologiques.<\/li>\n<\/ul>\n<\/div>\n<p>Nous vous rappelons que vous avez acc\u00e8s au <a style=\"color: #000; text-decoration: underline;\" href=\"https:\/\/select-benefits-integration.com\/fr\/programme-daide-aux-employes-et-a-leur-famille\/\" rel=\"noopener\" aria-label=\"This link opens Employee Assistance Program page in same tab\"><strong>programme d\u2019aide aux employ\u00e9s (PAE)<\/strong><\/a> ainsi qu\u2019au <a style=\"color: #000; text-decoration: underline;\" href=\"https:\/\/select-benefits-integration.com\/fr\/programme-de-bien-etre-physique\/\" rel=\"noopener\" aria-label=\"This link opens Employee Assistance Program page in same tab\"><strong>programme de bien-\u00eatre physique<\/strong><\/a>, deux ressources compl\u00e9mentaires pr\u00e9cieuses pour votre sant\u00e9 mentale et physique.<\/p>\n<\/div>\n<p>[\/vc_column_text]<div class=\"vntd-icon-list icon-list-simple icon-list-basic icon-list-color-accent\"><ul class=\"icon-list\"><li><i class=\"fas fa-info-circle color-accent\"><\/i><\/li><\/ul><\/div>[\/vc_column][\/vc_row][vc_row el_class=\u00a0\u00bbwhats-new-section1&Prime; css=\u00a0\u00bb.vc_custom_1763392705413{padding-top: 30px !important;padding-bottom: 30px !important;background-color: #f8f8f8 !important;}\u00a0\u00bb][vc_column css=\u00a0\u00bb.vc_custom_1763178149429{padding-top: 40px !important;padding-bottom: 10px !important;}\u00a0\u00bb][vc_column_text]<\/p>\n<div class=\"CAE-home-sec2\">\n<h2>Couverture optionnelle maladie grave\u202f: prolongation de la protection<\/h2>\n<p>D\u00e8s 2026, la couverture optionnelle pour maladie grave sera offerte jusqu\u2019\u00e0 70 ans (au lieu de 65 ans) permettant ainsi une tranquillit\u00e9 d\u2019esprit prolong\u00e9e pour vous et vos proches.<\/p>\n<\/div>\n<p>[\/vc_column_text][\/vc_column][\/vc_row][vc_row el_class=\u00a0\u00bbwhats-new-section1 hidden-icon-list-wrapper\u00a0\u00bb css=\u00a0\u00bb.vc_custom_1763392665819{padding-top: 30px !important;padding-bottom: 30px !important;}\u00a0\u00bb][vc_column css=\u00a0\u00bb.vc_custom_1763178149429{padding-top: 40px !important;padding-bottom: 10px !important;}\u00a0\u00bb][vc_column_text]<\/p>\n<div class=\"CAE-home-sec2\">\n<h2>R\u00e8gles administratives\u202f: plus de flexibilit\u00e9<\/h2>\n<p>Dans le but de simplifier la gestion de votre r\u00e9gime et de mieux r\u00e9pondre \u00e0 vos besoins, CAE proc\u00e8de aux ajustements suivants\u202fconcernant les r\u00e8gles administratives relatives aux couvertures m\u00e9dicales et dentaires :<\/p>\n<div class=\"CAE-EEE-checklist vntd-icon-list icon-list-simple icon-list-basic icon-list-color-accent\">\n<ul class=\"icon-list\">\n<li><i class=\"fas fa-check color-accent\"><\/i><strong>Plus de libert\u00e9 dans vos choix\u202f:<\/strong> Dor\u00e9navant, il n\u2019est plus n\u00e9cessaire de r\u00e9duire votre couverture une option \u00e0 la fois. Vous pouvez ajuster votre protection selon vos besoins, sans passer par des \u00e9tapes interm\u00e9diaires.<\/li>\n<li><i class=\"fas fa-check color-accent\"><\/i><strong>Souplesse accrue pour les options\u202f:<\/strong> La r\u00e8gle imposant de conserver une option pendant au moins deux ans avant de pouvoir r\u00e9duire sa couverture s\u2019appliquera d\u00e9sormais uniquement aux options les plus avantageuses\u202f: l\u2019option 2 pour la couverture m\u00e9dicale et l\u2019option 3 pour la couverture dentaire. Pour les autres options, vous b\u00e9n\u00e9ficiez d\u2019une plus grande flexibilit\u00e9 lors de vos changements.<\/li>\n<\/ul>\n<\/div>\n<\/div>\n<p>[\/vc_column_text]<div class=\"vntd-icon-list icon-list-simple icon-list-basic icon-list-color-accent\"><ul class=\"icon-list\"><li><i class=\"fas fa-info-circle color-accent\"><\/i><\/li><\/ul><\/div>[\/vc_column][\/vc_row][vc_row el_class=\u00a0\u00bbwhats-new-section1 hidden-icon-list-wrapper cae-highlighted-sections\u00a0\u00bb css=\u00a0\u00bb.vc_custom_1763178356119{background-color: #005eb8 !important;}\u00a0\u00bb][vc_column width=\u00a0\u00bb1\/2&Prime;][vc_column_text]<\/p>\n<div class=\"CAE-home-sec2 cae-highlighted-sec\">\n<h2 style=\"color: #ffffff;\">Assurance pour les voyages d\u2019affaires<\/h2>\n<p>La s\u00e9curit\u00e9 et le bien-\u00eatre des employ\u00e9s en d\u00e9placement pour CAE \u00e9tant une priorit\u00e9, la politique d\u2019assurance pour les voyages d\u2019affaires (BTA) a \u00e9t\u00e9 enti\u00e8rement revue afin de la rendre plus efficace et plus accessible. La nouvelle <strong>politique mondiale BTA<\/strong> a \u00e9t\u00e9 mise en place, rempla\u00e7ant plusieurs politiques locales par un <strong>processus unique et centralis\u00e9<\/strong>. D\u00e9sormais, en cas d\u2019urgence m\u00e9dicale ou s\u00e9curitaire lors d\u2019un voyage d\u2019affaires, les employ\u00e9s disposent d\u2019<strong>un seul point de contact : International SOS (ISOS)<\/strong> \u2013 notre prestataire d\u2019assistance.\u202fPour plus de d\u00e9tails, veuillez consultez la <a style=\"color: #000; text-decoration: underline;\" href=\"https:\/\/select-benefits-integration.com\/fr\/assistance-voyage\/\" rel=\"noopener\" aria-label=\"This link opens Travel Assistance page in same tab\"><strong>page Assistance-voyage<\/strong><\/a>.<\/p>\n<p>De plus, les employ\u00e9s peuvent maintenant g\u00e9n\u00e9rer eux-m\u00eames leur preuve de couverture d\u2019assurance pour les voyages d\u2019affaires. R\u00e9f\u00e9rez-vous \u00e0 la proc\u00e9dure sur la <a style=\"color: #000; text-decoration: underline;\" href=\"https:\/\/intranet.cae.com\/sites\/resources\/SitePageModern\/31178\/travel-services-page\" target=\"_blank\" rel=\"noopener\" aria-label=\"This link opens Travel Assistance page in same tab\"><strong>page Services de voyage<\/strong><\/a> sur CAE360.<\/p>\n<\/div>\n<p>[\/vc_column_text]<div class=\"vntd-icon-list icon-list-simple icon-list-basic icon-list-color-accent\"><ul class=\"icon-list\"><li><i class=\"fas fa-info-circle color-accent\"><\/i><\/li><\/ul><\/div>[\/vc_column][vc_column width=\u00a0\u00bb1\/2&Prime;][vc_single_image image=\u00a0\u00bb7575&Prime; css=\u00a0\u00bb.vc_custom_1763392655750{padding-left: 20px !important;}\u00a0\u00bb][\/vc_column][\/vc_row][vc_row el_class=\u00a0\u00bbwhats-new-section1 hidden-icon-list-wrapper\u00a0\u00bb css=\u00a0\u00bb.vc_custom_1763178454379{padding-top: 30px !important;background-color: #f8f8f8 !important;}\u00a0\u00bb][vc_column css=\u00a0\u00bb.vc_custom_1763178462554{padding-top: 50px !important;padding-bottom: 60px !important;}\u00a0\u00bb][vc_column_text]<\/p>\n<div class=\"CAE-home-sec2\">\n<h2>Services d&rsquo;aide au deuil pour les b\u00e9n\u00e9ficiaires d&rsquo;assurance vie<\/h2>\n<p>En cas de d\u00e9c\u00e8s d\u2019un assur\u00e9 ayant une assurance vie collective Sun Life, Empathy, une organisation sp\u00e9cialis\u00e9e dans le deuil, offre aux b\u00e9n\u00e9ficiaires un soutien logistique et psychologique sans inscription pr\u00e9alable. L\u2019acc\u00e8s comprend un gestionnaire de soins, du soutien pour les fun\u00e9railles, des conseils en succession et finances, ainsi qu\u2019une aide dans les d\u00e9marches administratives. Les b\u00e9n\u00e9ficiaires sont inform\u00e9s de leur admissibilit\u00e9 lors de la soumission de leur demande. Consultez ce <a style=\"color: #000; text-decoration: underline;\" href=\"https:\/\/select-benefits-integration.com\/wp-content\/uploads\/2025\/10\/Empathy_flyer_FR.pdf\" target=\"_blank\" rel=\"noopener\"><strong>document<\/strong><\/a> pour plus d&rsquo;informations.<\/p>\n<\/div>\n<p>[\/vc_column_text]<div class=\"vntd-icon-list icon-list-simple icon-list-basic icon-list-color-accent\"><ul class=\"icon-list\"><li><i class=\"fas fa-info-circle color-accent\"><\/i><\/li><\/ul><\/div>[\/vc_column][\/vc_row][vc_row el_class=\u00a0\u00bbwhats-new-section1 hidden-icon-list-wrapper cae-greyhighlighted-sections\u00a0\u00bb][vc_column width=\u00a0\u00bb1\/2&Prime;][vc_single_image image=\u00a0\u00bb7533&Prime; css=\u00a0\u00bb.vc_custom_1763178536840{padding-right: 20px !important;}\u00a0\u00bb][\/vc_column][vc_column width=\u00a0\u00bb1\/2&Prime;][vc_column_text]<\/p>\n<div class=\"CAE-home-sec2\">\n<h2>Programme d\u2019accompagnement pour l\u2019abandon du tabagisme<\/h2>\n<p>Sun Life offre gratuitement, partout au Canada et en partenariat avec l\u2019Institut de cardiologie de l\u2019Universit\u00e9 d\u2019Ottawa, un programme individuel en ligne pour aider les participants et leurs proches \u00e0 arr\u00eater de fumer ou de vapoter.<\/p>\n<p>Le programme en bref :<\/p>\n<div class=\"CAE-EEE-checklist vntd-icon-list icon-list-simple icon-list-basic icon-list-color-accent\">\n<ul class=\"icon-list\">\n<li><i class=\"fas fa-check color-accent\"><\/i>Encadrement par des sp\u00e9cialistes du traitement de la d\u00e9pendance \u00e0 la nicotine.<\/li>\n<li><i class=\"fas fa-check color-accent\"><\/i>Soutien sur 24 semaines, adapt\u00e9 \u00e0 toutes formes de tabac, y compris les cigarettes et le vapotage.<\/li>\n<li><i class=\"fas fa-check color-accent\"><\/i>Recommandations \u00e9ventuelles de m\u00e9dicaments selon la couverture de votre r\u00e9gime.<\/li>\n<li><i class=\"fas fa-check color-accent\"><\/i>Disponible en anglais et en fran\u00e7ais.<\/li>\n<\/ul>\n<\/div>\n<p>Consultez le <a style=\"color: #000; text-decoration: underline;\" href=\"https:\/\/select-benefits-integration.com\/wp-content\/uploads\/2025\/10\/cqp-patient-flyer-rtk-fr.pdf\" target=\"_blank\" rel=\"noopener\"><strong>document<\/strong><\/a> pour plus de d\u00e9tails et les modalit\u00e9s d\u2019inscription.<\/p>\n<\/div>\n<p>[\/vc_column_text]<div class=\"vntd-icon-list icon-list-simple icon-list-basic icon-list-color-accent\"><ul class=\"icon-list\"><li><i class=\"fas fa-info-circle color-accent\"><\/i><\/li><\/ul><\/div>[\/vc_column][\/vc_row][vc_row][vc_column][vc_column_text]<\/p>\n<p>[\/vc_column_text][\/vc_column][\/vc_row]<\/p>\n","protected":false},"excerpt":{"rendered":"<p>[vc_row css=\u00a0\u00bb.vc_custom_1763052151520{padding-bottom: 5px !important;}\u00a0\u00bb el_class=\u00a0\u00bbwhats-new-section1 hidden-icon-list-wrapper\u00a0\u00bb el_id=\u00a0\u00bbwhats-new-banner-sec\u00a0\u00bb][vc_column width=\u00a0\u00bb1\/2&Prime; el_class=\u00a0\u00bbwhats-new-section1-text\u00a0\u00bb][vc_column_text] Chaque ann\u00e9e, CAE proc\u00e8de \u00e0 une \u00e9valuation approfondie de son r\u00e9gime d\u2019assurance collective afin de r\u00e9pondre aux besoins \u00e9volutifs de ses employ\u00e9s en mati\u00e8re de sant\u00e9, de bien-\u00eatre et d\u2019accompagnement, tout en assurant la viabilit\u00e9 du r\u00e9gime. Pour 2026, plusieurs am\u00e9liorations [&hellip;]<\/p>\n","protected":false},"author":1,"featured_media":0,"parent":0,"menu_order":0,"comment_status":"closed","ping_status":"closed","template":"","meta":{"om_disable_all_campaigns":false,"footnotes":""},"class_list":["post-7300","page","type-page","status-publish","hentry"],"aioseo_notices":[],"jetpack_sharing_enabled":true,"_links":{"self":[{"href":"https:\/\/select-benefits-integration.com\/fr\/wp-json\/wp\/v2\/pages\/7300","targetHints":{"allow":["GET"]}}],"collection":[{"href":"https:\/\/select-benefits-integration.com\/fr\/wp-json\/wp\/v2\/pages"}],"about":[{"href":"https:\/\/select-benefits-integration.com\/fr\/wp-json\/wp\/v2\/types\/page"}],"author":[{"embeddable":true,"href":"https:\/\/select-benefits-integration.com\/fr\/wp-json\/wp\/v2\/users\/1"}],"replies":[{"embeddable":true,"href":"https:\/\/select-benefits-integration.com\/fr\/wp-json\/wp\/v2\/comments?post=7300"}],"version-history":[{"count":10,"href":"https:\/\/select-benefits-integration.com\/fr\/wp-json\/wp\/v2\/pages\/7300\/revisions"}],"predecessor-version":[{"id":7580,"href":"https:\/\/select-benefits-integration.com\/fr\/wp-json\/wp\/v2\/pages\/7300\/revisions\/7580"}],"wp:attachment":[{"href":"https:\/\/select-benefits-integration.com\/fr\/wp-json\/wp\/v2\/media?parent=7300"}],"curies":[{"name":"wp","href":"https:\/\/api.w.org\/{rel}","templated":true}]}}