{"id":7317,"date":"2025-10-29T16:24:45","date_gmt":"2025-10-29T16:24:45","guid":{"rendered":"https:\/\/select-benefits-integration.com\/?page_id=7317"},"modified":"2025-11-12T23:35:50","modified_gmt":"2025-11-12T23:35:50","slug":"renouvellement-annuel","status":"publish","type":"page","link":"https:\/\/select-benefits-integration.com\/fr\/renouvellement-annuel\/","title":{"rendered":"Renouvellement annuel"},"content":{"rendered":"<p>[vc_row css=\u00a0\u00bb.vc_custom_1762896098626{padding-bottom: 0px !important;}\u00a0\u00bb el_class=\u00a0\u00bbwhats-new-section1 hidden-icon-list-wrapper\u00a0\u00bb][vc_column width=\u00a0\u00bb1\/2&Prime; el_class=\u00a0\u00bbwhats-new-section1-text\u00a0\u00bb][vc_column_text]<\/p>\n<div class=\"CAE-home-sec2\">\n<h2><span class=\"TextRun SCXW166158087 BCX0\" lang=\"FR-CA\" xml:lang=\"FR-CA\" data-contrast=\"auto\"><span class=\"NormalTextRun SCXW166158087 BCX0\">Il est temps d\u2019agir!<\/span><\/span><\/h2>\n<p><span class=\"TextRun SCXW230460782 BCX0\" lang=\"FR-CA\" xml:lang=\"FR-CA\" data-contrast=\"auto\"><span class=\"NormalTextRun SCXW230460782 BCX0\">C&rsquo;est le moment d<\/span><span class=\"NormalTextRun SCXW230460782 BCX0\">\u2019effectuer votre renouvellement annuel<\/span><span class=\"NormalTextRun SCXW230460782 BCX0\">! Vous pouvez choisir vos <\/span><span class=\"NormalTextRun SCXW230460782 BCX0\">couvertures d\u2019assurance collective <\/span><span class=\"NormalTextRun SCXW230460782 BCX0\">pour 2026 du <\/span><\/span><strong><span class=\"TextRun SCXW230460782 BCX0\" lang=\"FR-CA\" xml:lang=\"FR-CA\" data-contrast=\"auto\"><span class=\"NormalTextRun SCXW230460782 BCX0\">18 novembre au 2 d\u00e9cembre 2025<\/span><\/span><\/strong><span class=\"TextRun SCXW230460782 BCX0\" lang=\"FR-CA\" xml:lang=\"FR-CA\" data-contrast=\"auto\"><span class=\"NormalTextRun SCXW230460782 BCX0\">.<\/span><\/span><span class=\"EOP SCXW230460782 BCX0\" data-ccp-props=\"{&quot;201341983&quot;:0,&quot;335559740&quot;:278}\">\u00a0<\/span><\/p>\n<p><span class=\"TextRun SCXW243611606 BCX0\" lang=\"FR-CA\" xml:lang=\"FR-CA\" data-contrast=\"auto\"><span class=\"NormalTextRun SCXW243611606 BCX0\">C&rsquo;est l&rsquo;occasion pour vous d&rsquo;examiner et de choisir la couverture dont vous et votre famille aurez besoin pour l&rsquo;ann\u00e9e \u00e0 venir. <\/span><\/span><strong><span class=\"TextRun SCXW243611606 BCX0\" lang=\"FR-CA\" xml:lang=\"FR-CA\" data-contrast=\"auto\"><span class=\"NormalTextRun SCXW243611606 BCX0\">Vos choix seront effectifs du 1er janvier 2026 au 31 d\u00e9cembre 2026.<\/span><\/span><\/strong><\/p>\n<p><span class=\"NormalTextRun SCXW226714882 BCX0\">Lorsque vous faites vos choix, veillez \u00e0 tenir compte de tout changement dans votre vie ou votre situation familiale afin de vous assurer que vos <\/span><span class=\"NormalTextRun SCXW226714882 BCX0\">couvertures d\u2019assurance<\/span><span class=\"NormalTextRun SCXW226714882 BCX0\"> r\u00e9pondent \u00e0 vos besoins. <\/span><span class=\"NormalTextRun SCXW226714882 BCX0\">Pensez \u00e0<\/span><span class=\"NormalTextRun SCXW226714882 BCX0\"> vos d\u00e9penses annuelles pour des choses telles que les lunettes, les chiropracteurs et autres frais m\u00e9dicaux et dentaires. <\/span><span class=\"NormalTextRun SCXW226714882 BCX0\">R\u00e9fl\u00e9chissez \u00e9galement \u00e0<\/span><span class=\"NormalTextRun SCXW226714882 BCX0\"> vos choix de l&rsquo;ann\u00e9e derni\u00e8re et <\/span><span class=\"NormalTextRun SCXW226714882 BCX0\">\u00e0 <\/span><span class=\"NormalTextRun SCXW226714882 BCX0\">vos d\u00e9penses personnelles. Avez-vous besoin d&rsquo;augmenter ou de r\u00e9duire votre couverture?<\/span><\/p>\n<p><span class=\"TextRun SCXW5398722 BCX0\" lang=\"FR-CA\" xml:lang=\"FR-CA\" data-contrast=\"auto\"><span class=\"NormalTextRun SCXW5398722 BCX0\">C&rsquo;est \u00e9galement le moment id\u00e9al pour revoir et mettre \u00e0 jour vos b\u00e9n\u00e9ficiaires!<\/span><\/span><\/p>\n<\/div>\n<p>[\/vc_column_text][\/vc_column][vc_column width=\u00a0\u00bb1\/2&Prime; el_class=\u00a0\u00bbCAE-BP-programs DBPP-img\u00a0\u00bb][vc_single_image image=\u00a0\u00bb7165&Prime; alignment=\u00a0\u00bbcenter\u00a0\u00bb][\/vc_column][\/vc_row][vc_row el_class=\u00a0\u00bbwhats-new-section1 hidden-icon-list-wrapper\u00a0\u00bb][vc_column][vc_column_text]<\/p>\n<div class=\"CAE-home-sec2\">\n<h2>Dollars CAEselect<\/h2>\n<p>Votre r\u00e9gime d\u2019assurance collective CAEselect vous offre la flexibilit\u00e9 et le choix n\u00e9cessaires pour fournir la couverture dont vous et votre famille avez besoin. Chaque ann\u00e9e, vous recevez une allocation de dollars CAEselect compos\u00e9e d\u2019un montant fixe et d\u2019un pourcentage de votre salaire de base. Chacune des couvertures d\u2019assurance a un prix; votre allocation en <strong>dollars CAEselect<\/strong> sert \u00e0 payer vos couvertures obligatoires, ainsi que la totalit\u00e9 ou une partie des couvertures optionnelles que vous choisirez.<\/p>\n<p>Vos co\u00fbts individuels d\u00e9pendent des options que vous choisissez et du nombre de personnes que vous couvrez. Vous pouvez mod\u00e9liser les co\u00fbts et les changements apport\u00e9s \u00e0 vos choix de couvertures dans l&rsquo;outil de renouvellement. Pour acc\u00e9der \u00e0 l&rsquo;outil de renouvellement, rendez-vous sur <a style=\"color: #000; text-decoration: underline;\" href=\"https:\/\/cae.seb-admin.com\/\" target=\"_blank\" rel=\"noopener\"><strong>CAE MesAvantages<\/strong><\/a>. S\u00e9lectionnez \u00ab R\u00e9gime d&rsquo;assurance collective \u00bb. Ensuite, s\u00e9lectionnez \u00ab Site web de l&rsquo;administrateur du r\u00e9gime \u00bb et suivez les instructions en ligne. Consultez le courriel que vous avez re\u00e7u pour comprendre comment calculer votre allocation pour l&rsquo;ann\u00e9e \u00e0 venir.<\/p>\n<p>Les dollars CAEselect non d\u00e9pens\u00e9s peuvent \u00eatre ajout\u00e9s \u00e0 votre <strong>compte de soins de sant\u00e9 (CSS)<\/strong>, \u00e0 votre <strong>compte de d\u00e9penses personnelles (CDP)<\/strong>, au <strong>REER collectif CAE<\/strong> ou au <strong>CELI collectif CAE<\/strong>. Acc\u00e9dez aux listes compl\u00e8tes des frais admissibles au titre du <a style=\"color: #000; text-decoration: underline;\" href=\"https:\/\/select-benefits-integration.com\/fr\/faq\/#1668621150031-c35845db-46b3\"><b>CDP<\/b><\/a> et du <a style=\"color: #000; text-decoration: underline;\" href=\"https:\/\/select-benefits-integration.com\/fr\/faq\/#1635348303284-a0666676-f607\"><b>CSS<\/b><\/a> dans l&rsquo;onglet FAQ.<\/p>\n<p><strong>Important!<\/strong><\/p>\n<p>N&rsquo;oubliez pas d&rsquo;affecter chaque ann\u00e9e vos dollars CAEselect non d\u00e9pens\u00e9s, le cas \u00e9ch\u00e9ant, au compte de votre choix. <strong>Si vous ne faites pas de choix officiel, les dollars non d\u00e9pens\u00e9s seront automatiquement d\u00e9pos\u00e9s dans votre compte de soins de sant\u00e9 (CSS)<\/strong>, m\u00eame si vous les avez affect\u00e9s \u00e0 un autre compte lors de votre dernier renouvellement ou lors de votre adh\u00e9sion initiale.<\/p>\n<h2>Pour vous aider \u00e0 vous pr\u00e9parer\u202f:<\/h2>\n<div class=\"CAE-EEE-checklist vntd-icon-list icon-list-simple icon-list-basic icon-list-color-accent\">\n<ul class=\"icon-list\">\n<li><i class=\"fas fa-check color-accent\"><\/i>Consultez la page <a style=\"color: #000; text-decoration: underline;\" href=\"https:\/\/select-benefits-integration.com\/fr\/nouveautes\/\"><strong>Nouveaut\u00e9s pour 2026<\/strong><\/a> pour en savoir plus sur les mises \u00e0 jour et les changements.<\/li>\n<li><i class=\"fas fa-check color-accent\"><\/i>Utilisez <a style=\"color: #000; text-decoration: underline;\" href=\"https:\/\/select-benefits-integration.com\/fr\/aide-memoire-ra\/\"><strong>l\u2019aide-m\u00e9moire<\/strong><\/a> pour le renouvellement annuel afin de vous assurer que vous avez bien suivi toutes les \u00e9tapes.<\/li>\n<li><i class=\"fas fa-check color-accent\"><\/i>Consultez la <a style=\"color: #000; text-decoration: underline;\" href=\"https:\/\/select-benefits-integration.com\/fr\/faq\/\" rel=\"noopener\"><strong>FAQ<\/strong><\/a> sur le r\u00e9gime d&rsquo;assurance collective flexible pour obtenir des conseils utiles.<\/li>\n<\/ul>\n<p>Lorsque vous \u00eates pr\u00eat, connectez-vous \u00e0\u00a0<a style=\"color: #000; text-decoration: underline;\" href=\"https:\/\/cae.seb-admin.com\/\" target=\"_blank\" rel=\"noopener\"><strong>CAE MesAvantages<\/strong><\/a>, cliquez sur \u00ab R\u00e9gime d&rsquo;assurance collective \u00bb, puis sur \u00ab Site web de l&rsquo;administrateur du r\u00e9gime \u00bb et commencez votre renouvellement.<\/p>\n<\/div>\n<\/div>\n<p>[\/vc_column_text]<div class=\"vntd-icon-list icon-list-simple icon-list-basic icon-list-color-accent\"><ul class=\"icon-list\"><li><i class=\"fas fa-info-circle color-accent\"><\/i><\/li><\/ul><\/div>[\/vc_column][\/vc_row][vc_row][vc_column][vc_column_text]<\/p>\n<p>[\/vc_column_text][\/vc_column][\/vc_row]<\/p>\n","protected":false},"excerpt":{"rendered":"<p>[vc_row css=\u00a0\u00bb.vc_custom_1762896098626{padding-bottom: 0px !important;}\u00a0\u00bb el_class=\u00a0\u00bbwhats-new-section1 hidden-icon-list-wrapper\u00a0\u00bb][vc_column width=\u00a0\u00bb1\/2&Prime; el_class=\u00a0\u00bbwhats-new-section1-text\u00a0\u00bb][vc_column_text] Il est temps d\u2019agir! C&rsquo;est le moment d\u2019effectuer votre renouvellement annuel! Vous pouvez choisir vos couvertures d\u2019assurance collective pour 2026 du 18 novembre au 2 d\u00e9cembre 2025.\u00a0 C&rsquo;est l&rsquo;occasion pour vous d&rsquo;examiner et de choisir la couverture dont vous et votre famille [&hellip;]<\/p>\n","protected":false},"author":1,"featured_media":0,"parent":0,"menu_order":0,"comment_status":"closed","ping_status":"closed","template":"","meta":{"om_disable_all_campaigns":false,"footnotes":""},"class_list":["post-7317","page","type-page","status-publish","hentry"],"aioseo_notices":[],"jetpack_sharing_enabled":true,"_links":{"self":[{"href":"https:\/\/select-benefits-integration.com\/fr\/wp-json\/wp\/v2\/pages\/7317","targetHints":{"allow":["GET"]}}],"collection":[{"href":"https:\/\/select-benefits-integration.com\/fr\/wp-json\/wp\/v2\/pages"}],"about":[{"href":"https:\/\/select-benefits-integration.com\/fr\/wp-json\/wp\/v2\/types\/page"}],"author":[{"embeddable":true,"href":"https:\/\/select-benefits-integration.com\/fr\/wp-json\/wp\/v2\/users\/1"}],"replies":[{"embeddable":true,"href":"https:\/\/select-benefits-integration.com\/fr\/wp-json\/wp\/v2\/comments?post=7317"}],"version-history":[{"count":10,"href":"https:\/\/select-benefits-integration.com\/fr\/wp-json\/wp\/v2\/pages\/7317\/revisions"}],"predecessor-version":[{"id":7421,"href":"https:\/\/select-benefits-integration.com\/fr\/wp-json\/wp\/v2\/pages\/7317\/revisions\/7421"}],"wp:attachment":[{"href":"https:\/\/select-benefits-integration.com\/fr\/wp-json\/wp\/v2\/media?parent=7317"}],"curies":[{"name":"wp","href":"https:\/\/api.w.org\/{rel}","templated":true}]}}